{"id":11705,"date":"2025-09-29T13:43:06","date_gmt":"2025-09-29T13:43:06","guid":{"rendered":"https:\/\/websitedesign-entwurf.de\/3\/entwurf4\/produkt\/suedwest-thixgrund\/"},"modified":"2025-12-15T12:25:48","modified_gmt":"2025-12-15T12:25:48","slug":"suedwest-thixgrund","status":"publish","type":"product","link":"https:\/\/websitedesign-entwurf.de\/3\/entwurf4\/produkt\/suedwest-thixgrund\/","title":{"rendered":"S\u00fcdwest ThixGrund"},"content":{"rendered":"<p>S\u00fcdwest ThixGrund<br \/>\nGel-Grundierung<\/p>\n<p>saugf\u00e4higkeitsregulierend, oberfl\u00e4chenverfestigend, haftvermittelnd, minimale Tropfneigung durch innovative Gel-Technologie, hohes Eindringverm\u00f6gen, farblos, emissionsarm, l\u00f6semittelfrei, weichmacherfrei, frei von fogging-aktiven Substanzen, T\u00dcV S\u00dcD &#8211; Pr\u00fcfung auf gesundheitsrelevante Inhaltsstoffe und Emissionen,, regelm\u00e4\u00dfige Produkt- und Prozess\u00fcberwachung, Kontrolle der Einsatzstoffe, (www.tuvsud.com\/schadstoffpruefung-bauprodukte)<\/p>\n<p>Verpackung<br \/>\n10 l<\/p>\n<p>Verbrauch 100 \u2013 400 ml\/m\u00b2 pro Anstrich, je nach Saugf\u00e4higkeit und Rauhigkeit des Untergrundes kann es zu einem abweichenden Verbrauch kommen.<\/p>\n","protected":false},"excerpt":{"rendered":"<p>10l<\/p>\n","protected":false},"featured_media":10124,"comment_status":"open","ping_status":"closed","template":"","meta":[],"product_brand":[],"product_cat":[76],"product_tag":[],"class_list":{"0":"post-11705","1":"product","2":"type-product","3":"status-publish","4":"has-post-thumbnail","6":"product_cat-grundierung","8":"first","9":"instock","10":"taxable","11":"shipping-taxable","12":"purchasable","13":"product-type-simple"},"acf":[],"_links":{"self":[{"href":"https:\/\/websitedesign-entwurf.de\/3\/entwurf4\/wp-json\/wp\/v2\/product\/11705","targetHints":{"allow":["GET"]}}],"collection":[{"href":"https:\/\/websitedesign-entwurf.de\/3\/entwurf4\/wp-json\/wp\/v2\/product"}],"about":[{"href":"https:\/\/websitedesign-entwurf.de\/3\/entwurf4\/wp-json\/wp\/v2\/types\/product"}],"replies":[{"embeddable":true,"href":"https:\/\/websitedesign-entwurf.de\/3\/entwurf4\/wp-json\/wp\/v2\/comments?post=11705"}],"version-history":[{"count":1,"href":"https:\/\/websitedesign-entwurf.de\/3\/entwurf4\/wp-json\/wp\/v2\/product\/11705\/revisions"}],"predecessor-version":[{"id":11896,"href":"https:\/\/websitedesign-entwurf.de\/3\/entwurf4\/wp-json\/wp\/v2\/product\/11705\/revisions\/11896"}],"wp:featuredmedia":[{"embeddable":true,"href":"https:\/\/websitedesign-entwurf.de\/3\/entwurf4\/wp-json\/wp\/v2\/media\/10124"}],"wp:attachment":[{"href":"https:\/\/websitedesign-entwurf.de\/3\/entwurf4\/wp-json\/wp\/v2\/media?parent=11705"}],"wp:term":[{"taxonomy":"product_brand","embeddable":true,"href":"https:\/\/websitedesign-entwurf.de\/3\/entwurf4\/wp-json\/wp\/v2\/product_brand?post=11705"},{"taxonomy":"product_cat","embeddable":true,"href":"https:\/\/websitedesign-entwurf.de\/3\/entwurf4\/wp-json\/wp\/v2\/product_cat?post=11705"},{"taxonomy":"product_tag","embeddable":true,"href":"https:\/\/websitedesign-entwurf.de\/3\/entwurf4\/wp-json\/wp\/v2\/product_tag?post=11705"}],"curies":[{"name":"wp","href":"https:\/\/api.w.org\/{rel}","templated":true}]}}