{"id":11664,"date":"2025-09-29T13:43:03","date_gmt":"2025-09-29T13:43:03","guid":{"rendered":"https:\/\/websitedesign-entwurf.de\/3\/entwurf4\/produkt\/suedwest-isolierfarbe-l-2\/"},"modified":"2025-12-15T12:25:47","modified_gmt":"2025-12-15T12:25:47","slug":"suedwest-isolierfarbe-l-2","status":"publish","type":"product","link":"https:\/\/websitedesign-entwurf.de\/3\/entwurf4\/produkt\/suedwest-isolierfarbe-l-2\/","title":{"rendered":"S\u00fcdwest Isolierfarbe L"},"content":{"rendered":"<p>S\u00fcdwest Isolierfarbe L<\/p>\n<p>optimale Isolierwirkung gegen Nikotinflecken, Ru\u00dfflecken, Ligninflecken und Wasserflecken, hoher Wei\u00dfgrad, sehr gutes Deckverm\u00f6gen, keine Vergilbung, aromatenfrei, spannungsarm, f\u00fcr Styropor geeignet, \u00fcberstreichbar mit Dispersionsfarben, Nassabriebklasse: 2, Kontrastverh\u00e4ltnis: Klasse 2 bei 7 m\u00b2\/l, maximale Korngr\u00f6\u00dfe: fein<\/p>\n<p>Verpackung<br \/>\n5 l, 12,5 l<\/p>\n<p>Verbrauch ca. 140 \u2013 170 ml\/m\u00b2 pro<br \/>\nAnstrich, je nach Saugf\u00e4higkeit und Rauhigkeit des Untergrundes kann es zu einem abweichenden Verbrauch kommen.<\/p>\n","protected":false},"excerpt":{"rendered":"<p>12,5l<\/p>\n","protected":false},"featured_media":10083,"comment_status":"open","ping_status":"closed","template":"","meta":[],"product_brand":[],"product_cat":[73],"product_tag":[],"class_list":{"0":"post-11664","1":"product","2":"type-product","3":"status-publish","4":"has-post-thumbnail","6":"product_cat-innenfarbe","8":"first","9":"instock","10":"taxable","11":"shipping-taxable","12":"purchasable","13":"product-type-simple"},"acf":[],"_links":{"self":[{"href":"https:\/\/websitedesign-entwurf.de\/3\/entwurf4\/wp-json\/wp\/v2\/product\/11664","targetHints":{"allow":["GET"]}}],"collection":[{"href":"https:\/\/websitedesign-entwurf.de\/3\/entwurf4\/wp-json\/wp\/v2\/product"}],"about":[{"href":"https:\/\/websitedesign-entwurf.de\/3\/entwurf4\/wp-json\/wp\/v2\/types\/product"}],"replies":[{"embeddable":true,"href":"https:\/\/websitedesign-entwurf.de\/3\/entwurf4\/wp-json\/wp\/v2\/comments?post=11664"}],"version-history":[{"count":1,"href":"https:\/\/websitedesign-entwurf.de\/3\/entwurf4\/wp-json\/wp\/v2\/product\/11664\/revisions"}],"predecessor-version":[{"id":11892,"href":"https:\/\/websitedesign-entwurf.de\/3\/entwurf4\/wp-json\/wp\/v2\/product\/11664\/revisions\/11892"}],"wp:featuredmedia":[{"embeddable":true,"href":"https:\/\/websitedesign-entwurf.de\/3\/entwurf4\/wp-json\/wp\/v2\/media\/10083"}],"wp:attachment":[{"href":"https:\/\/websitedesign-entwurf.de\/3\/entwurf4\/wp-json\/wp\/v2\/media?parent=11664"}],"wp:term":[{"taxonomy":"product_brand","embeddable":true,"href":"https:\/\/websitedesign-entwurf.de\/3\/entwurf4\/wp-json\/wp\/v2\/product_brand?post=11664"},{"taxonomy":"product_cat","embeddable":true,"href":"https:\/\/websitedesign-entwurf.de\/3\/entwurf4\/wp-json\/wp\/v2\/product_cat?post=11664"},{"taxonomy":"product_tag","embeddable":true,"href":"https:\/\/websitedesign-entwurf.de\/3\/entwurf4\/wp-json\/wp\/v2\/product_tag?post=11664"}],"curies":[{"name":"wp","href":"https:\/\/api.w.org\/{rel}","templated":true}]}}