{"id":11661,"date":"2025-09-29T13:43:03","date_gmt":"2025-09-29T13:43:03","guid":{"rendered":"https:\/\/websitedesign-entwurf.de\/3\/entwurf4\/produkt\/suedwest-rissgrund-1-fuer-3-2\/"},"modified":"2025-12-15T12:25:47","modified_gmt":"2025-12-15T12:25:47","slug":"suedwest-rissgrund-1-fuer-3-2","status":"publish","type":"product","link":"https:\/\/websitedesign-entwurf.de\/3\/entwurf4\/produkt\/suedwest-rissgrund-1-fuer-3-2\/","title":{"rendered":"S\u00fcdwest Rissgrund 1 f\u00fcr 3"},"content":{"rendered":"<p>S\u00fcdwest Rissgrund 1f\u00fcr3<br \/>\nRissverf\u00fcllende Grundierung auf Silikatbasis<\/p>\n<p>Haftbr\u00fccke f\u00fcr nachfolgende Anstriche, Verschl\u00e4mmung von Haarrissen und Netzrissen, strukturausgleichend, rissverf\u00fcllend, idealer Untergrund f\u00fcr mineralische Lasurtechniken, hervorragende Haftung, Wasserdampfdiffusion: sd < 0,1 m, unverd\u00fcnnte Verarbeitung\n\nVerpackung\n5 l, 12,5 l\n\nDer Verbrauch ist von der Saugf\u00e4higkeit und der Rauhigkeit des Untergrundes abh\u00e4ngig.\nGlatter Untergrund: ca. 400 ml\/m\u00b2 proArbeitsgang \nRauer Untergrund: ca. 600 ml\/m\u00b2 pro Arbeitsgang\nZur genauen Verbrauchsermittlung empfiehlt sich eine Anstrichprobe.\n<\/p>\n","protected":false},"excerpt":{"rendered":"<p>12,5l wei\u00df<\/p>\n","protected":false},"featured_media":10080,"comment_status":"open","ping_status":"closed","template":"","meta":[],"product_brand":[],"product_cat":[76],"product_tag":[],"class_list":{"0":"post-11661","1":"product","2":"type-product","3":"status-publish","4":"has-post-thumbnail","6":"product_cat-grundierung","8":"first","9":"instock","10":"taxable","11":"shipping-taxable","12":"purchasable","13":"product-type-simple"},"acf":[],"_links":{"self":[{"href":"https:\/\/websitedesign-entwurf.de\/3\/entwurf4\/wp-json\/wp\/v2\/product\/11661","targetHints":{"allow":["GET"]}}],"collection":[{"href":"https:\/\/websitedesign-entwurf.de\/3\/entwurf4\/wp-json\/wp\/v2\/product"}],"about":[{"href":"https:\/\/websitedesign-entwurf.de\/3\/entwurf4\/wp-json\/wp\/v2\/types\/product"}],"replies":[{"embeddable":true,"href":"https:\/\/websitedesign-entwurf.de\/3\/entwurf4\/wp-json\/wp\/v2\/comments?post=11661"}],"version-history":[{"count":1,"href":"https:\/\/websitedesign-entwurf.de\/3\/entwurf4\/wp-json\/wp\/v2\/product\/11661\/revisions"}],"predecessor-version":[{"id":11889,"href":"https:\/\/websitedesign-entwurf.de\/3\/entwurf4\/wp-json\/wp\/v2\/product\/11661\/revisions\/11889"}],"wp:featuredmedia":[{"embeddable":true,"href":"https:\/\/websitedesign-entwurf.de\/3\/entwurf4\/wp-json\/wp\/v2\/media\/10080"}],"wp:attachment":[{"href":"https:\/\/websitedesign-entwurf.de\/3\/entwurf4\/wp-json\/wp\/v2\/media?parent=11661"}],"wp:term":[{"taxonomy":"product_brand","embeddable":true,"href":"https:\/\/websitedesign-entwurf.de\/3\/entwurf4\/wp-json\/wp\/v2\/product_brand?post=11661"},{"taxonomy":"product_cat","embeddable":true,"href":"https:\/\/websitedesign-entwurf.de\/3\/entwurf4\/wp-json\/wp\/v2\/product_cat?post=11661"},{"taxonomy":"product_tag","embeddable":true,"href":"https:\/\/websitedesign-entwurf.de\/3\/entwurf4\/wp-json\/wp\/v2\/product_tag?post=11661"}],"curies":[{"name":"wp","href":"https:\/\/api.w.org\/{rel}","templated":true}]}}