{"id":11625,"date":"2025-09-29T13:43:01","date_gmt":"2025-09-29T13:43:01","guid":{"rendered":"https:\/\/websitedesign-entwurf.de\/3\/entwurf4\/produkt\/zero-dekosan-impraegnier-lasur-hs\/"},"modified":"2025-12-15T12:25:46","modified_gmt":"2025-12-15T12:25:46","slug":"zero-dekosan-impraegnier-lasur-hs","status":"publish","type":"product","link":"https:\/\/websitedesign-entwurf.de\/3\/entwurf4\/produkt\/zero-dekosan-impraegnier-lasur-hs\/","title":{"rendered":"ZERO Dekosan Impr\u00e4gnier-Lasur HS"},"content":{"rendered":"<p>Zero Dekosan Impr\u00e4gnier-Lasur HS<br \/>\nNicht filmbildend<br \/>\nSchnell trocknend<br \/>\nL\u00f6semittelhaltig<\/p>\n<p>Standardfarbt\u00f6ne: Farblos, Kiefer, Eiche Hell, Eiche Dunkel, Teak, Mahagoni, Nussbaum, Palisander,<br \/>\nEbenholz; untereinander mischbar.<\/p>\n<p>Tiefimpr\u00e4gnierend, ideal f\u00fcr rohes Holz. D\u00fcnnfl\u00fcssig, hochtransparent, wetterbest\u00e4ndig und UV-stabil. Vorbeugend wirksam gegen Bl\u00e4ue. F\u00fcr Gebrauchsklasse 2 und 3 gem\u00e4\u00df DIN 68800-1. Auf Fenstern und T\u00fcren auch raumseitig. \u00dcberarbeitbar mit Dekosan Langzeit-Lasur und Profilasur.<\/p>\n<p>Zugelassenes Biozidprodukt gem\u00e4\u00df Verordnung (EU) 528\/2012.<\/p>\n<p>Verpackung<br \/>\n2,5l \/ 0,75l<\/p>\n<p>Verbrauch ca. 160 &#8211; 180 ml\/m\u00b2<\/p>\n","protected":false},"excerpt":{"rendered":"<p>2,5 l Farblos<\/p>\n","protected":false},"featured_media":10044,"comment_status":"open","ping_status":"closed","template":"","meta":[],"product_brand":[],"product_cat":[75],"product_tag":[],"class_list":{"0":"post-11625","1":"product","2":"type-product","3":"status-publish","4":"has-post-thumbnail","6":"product_cat-lacke-und-lasuren","8":"first","9":"instock","10":"taxable","11":"shipping-taxable","12":"purchasable","13":"product-type-simple"},"acf":[],"_links":{"self":[{"href":"https:\/\/websitedesign-entwurf.de\/3\/entwurf4\/wp-json\/wp\/v2\/product\/11625","targetHints":{"allow":["GET"]}}],"collection":[{"href":"https:\/\/websitedesign-entwurf.de\/3\/entwurf4\/wp-json\/wp\/v2\/product"}],"about":[{"href":"https:\/\/websitedesign-entwurf.de\/3\/entwurf4\/wp-json\/wp\/v2\/types\/product"}],"replies":[{"embeddable":true,"href":"https:\/\/websitedesign-entwurf.de\/3\/entwurf4\/wp-json\/wp\/v2\/comments?post=11625"}],"version-history":[{"count":1,"href":"https:\/\/websitedesign-entwurf.de\/3\/entwurf4\/wp-json\/wp\/v2\/product\/11625\/revisions"}],"predecessor-version":[{"id":11881,"href":"https:\/\/websitedesign-entwurf.de\/3\/entwurf4\/wp-json\/wp\/v2\/product\/11625\/revisions\/11881"}],"wp:featuredmedia":[{"embeddable":true,"href":"https:\/\/websitedesign-entwurf.de\/3\/entwurf4\/wp-json\/wp\/v2\/media\/10044"}],"wp:attachment":[{"href":"https:\/\/websitedesign-entwurf.de\/3\/entwurf4\/wp-json\/wp\/v2\/media?parent=11625"}],"wp:term":[{"taxonomy":"product_brand","embeddable":true,"href":"https:\/\/websitedesign-entwurf.de\/3\/entwurf4\/wp-json\/wp\/v2\/product_brand?post=11625"},{"taxonomy":"product_cat","embeddable":true,"href":"https:\/\/websitedesign-entwurf.de\/3\/entwurf4\/wp-json\/wp\/v2\/product_cat?post=11625"},{"taxonomy":"product_tag","embeddable":true,"href":"https:\/\/websitedesign-entwurf.de\/3\/entwurf4\/wp-json\/wp\/v2\/product_tag?post=11625"}],"curies":[{"name":"wp","href":"https:\/\/api.w.org\/{rel}","templated":true}]}}