{"id":11624,"date":"2025-09-29T13:43:01","date_gmt":"2025-09-29T13:43:01","guid":{"rendered":"https:\/\/websitedesign-entwurf.de\/3\/entwurf4\/produkt\/zero-fyssil-3\/"},"modified":"2025-12-15T12:25:46","modified_gmt":"2025-12-15T12:25:46","slug":"zero-fyssil-3","status":"publish","type":"product","link":"https:\/\/websitedesign-entwurf.de\/3\/entwurf4\/produkt\/zero-fyssil-3\/","title":{"rendered":"ZERO Fyssil"},"content":{"rendered":"<p>Zero Fyssil<\/p>\n<p>Wasserabweisend<br \/>\nSiliconharzverst\u00e4rkt<br \/>\nMineralische Optik<\/p>\n<p>Matte, hoch diffusionsf\u00e4hige Fassadenfarbe auf Acryl-Dispersionsbasis. Mit selbstreinigender Wirkung. Regendicht. Gut f\u00fcllend. Egalisierfarbe f\u00fcr alte und neue mineralische Untergr\u00fcnde.<br \/>\nMit verkapseltem Filmschutz gegen organischen Befall.<\/p>\n<p>Geeignet f\u00fcr alle ZEROTHERM WDV-Systeme.<\/p>\n<p>Verpackung<br \/>\n12,5 l 5 l 2,5 l<\/p>\n<p>Verbrauch ca. 200-250ml\/m\u00b2<\/p>\n","protected":false},"excerpt":{"rendered":"<p>5l  wei\u00df<\/p>\n","protected":false},"featured_media":10043,"comment_status":"open","ping_status":"closed","template":"","meta":[],"product_brand":[],"product_cat":[74],"product_tag":[],"class_list":{"0":"post-11624","1":"product","2":"type-product","3":"status-publish","4":"has-post-thumbnail","6":"product_cat-fassadenfarbe","8":"first","9":"instock","10":"taxable","11":"shipping-taxable","12":"purchasable","13":"product-type-simple"},"acf":[],"_links":{"self":[{"href":"https:\/\/websitedesign-entwurf.de\/3\/entwurf4\/wp-json\/wp\/v2\/product\/11624","targetHints":{"allow":["GET"]}}],"collection":[{"href":"https:\/\/websitedesign-entwurf.de\/3\/entwurf4\/wp-json\/wp\/v2\/product"}],"about":[{"href":"https:\/\/websitedesign-entwurf.de\/3\/entwurf4\/wp-json\/wp\/v2\/types\/product"}],"replies":[{"embeddable":true,"href":"https:\/\/websitedesign-entwurf.de\/3\/entwurf4\/wp-json\/wp\/v2\/comments?post=11624"}],"version-history":[{"count":1,"href":"https:\/\/websitedesign-entwurf.de\/3\/entwurf4\/wp-json\/wp\/v2\/product\/11624\/revisions"}],"predecessor-version":[{"id":11880,"href":"https:\/\/websitedesign-entwurf.de\/3\/entwurf4\/wp-json\/wp\/v2\/product\/11624\/revisions\/11880"}],"wp:featuredmedia":[{"embeddable":true,"href":"https:\/\/websitedesign-entwurf.de\/3\/entwurf4\/wp-json\/wp\/v2\/media\/10043"}],"wp:attachment":[{"href":"https:\/\/websitedesign-entwurf.de\/3\/entwurf4\/wp-json\/wp\/v2\/media?parent=11624"}],"wp:term":[{"taxonomy":"product_brand","embeddable":true,"href":"https:\/\/websitedesign-entwurf.de\/3\/entwurf4\/wp-json\/wp\/v2\/product_brand?post=11624"},{"taxonomy":"product_cat","embeddable":true,"href":"https:\/\/websitedesign-entwurf.de\/3\/entwurf4\/wp-json\/wp\/v2\/product_cat?post=11624"},{"taxonomy":"product_tag","embeddable":true,"href":"https:\/\/websitedesign-entwurf.de\/3\/entwurf4\/wp-json\/wp\/v2\/product_tag?post=11624"}],"curies":[{"name":"wp","href":"https:\/\/api.w.org\/{rel}","templated":true}]}}