{"id":10933,"date":"2025-04-18T10:52:32","date_gmt":"2025-04-18T10:52:32","guid":{"rendered":"https:\/\/websitedesign-entwurf.de\/3\/entwurf4\/?post_type=product&#038;p=10933"},"modified":"2025-12-15T12:25:46","modified_gmt":"2025-12-15T12:25:46","slug":"zero-hydrogrund-slf-2","status":"publish","type":"product","link":"https:\/\/websitedesign-entwurf.de\/3\/entwurf4\/produkt\/zero-hydrogrund-slf-2\/","title":{"rendered":"ZERO Hydrogrund SLF"},"content":{"rendered":"<p>Zero Hydrogrund SLF<\/p>\n<p>Mikromolekular<br \/>\nHydrophobierend<br \/>\nWasserverd\u00fcnnbar<\/p>\n<p>Grundiermittel f\u00fcr innen und au\u00dfen (nach Trocknung transparent). Wetterbest\u00e4ndig. Streichf\u00e4hig. Schadstoff-, l\u00f6semittel- und weichmacherfrei.<\/p>\n<p>\u2714 Geeignet f\u00fcr alle ZEROTHERM WDV-Systeme.<\/p>\n<p>Verpackung<br \/>\n10 l 2,5 l<\/p>\n<p>Verbrauch ca. 200-300ml\/m\u00b2<\/p>\n","protected":false},"excerpt":{"rendered":"<p>10l<\/p>\n","protected":false},"featured_media":10040,"comment_status":"open","ping_status":"closed","template":"","meta":[],"product_brand":[],"product_cat":[76],"product_tag":[],"class_list":{"0":"post-10933","1":"product","2":"type-product","3":"status-publish","4":"has-post-thumbnail","6":"product_cat-grundierung","8":"first","9":"instock","10":"taxable","11":"shipping-taxable","12":"purchasable","13":"product-type-simple"},"acf":[],"_links":{"self":[{"href":"https:\/\/websitedesign-entwurf.de\/3\/entwurf4\/wp-json\/wp\/v2\/product\/10933","targetHints":{"allow":["GET"]}}],"collection":[{"href":"https:\/\/websitedesign-entwurf.de\/3\/entwurf4\/wp-json\/wp\/v2\/product"}],"about":[{"href":"https:\/\/websitedesign-entwurf.de\/3\/entwurf4\/wp-json\/wp\/v2\/types\/product"}],"replies":[{"embeddable":true,"href":"https:\/\/websitedesign-entwurf.de\/3\/entwurf4\/wp-json\/wp\/v2\/comments?post=10933"}],"version-history":[{"count":2,"href":"https:\/\/websitedesign-entwurf.de\/3\/entwurf4\/wp-json\/wp\/v2\/product\/10933\/revisions"}],"predecessor-version":[{"id":11621,"href":"https:\/\/websitedesign-entwurf.de\/3\/entwurf4\/wp-json\/wp\/v2\/product\/10933\/revisions\/11621"}],"wp:featuredmedia":[{"embeddable":true,"href":"https:\/\/websitedesign-entwurf.de\/3\/entwurf4\/wp-json\/wp\/v2\/media\/10040"}],"wp:attachment":[{"href":"https:\/\/websitedesign-entwurf.de\/3\/entwurf4\/wp-json\/wp\/v2\/media?parent=10933"}],"wp:term":[{"taxonomy":"product_brand","embeddable":true,"href":"https:\/\/websitedesign-entwurf.de\/3\/entwurf4\/wp-json\/wp\/v2\/product_brand?post=10933"},{"taxonomy":"product_cat","embeddable":true,"href":"https:\/\/websitedesign-entwurf.de\/3\/entwurf4\/wp-json\/wp\/v2\/product_cat?post=10933"},{"taxonomy":"product_tag","embeddable":true,"href":"https:\/\/websitedesign-entwurf.de\/3\/entwurf4\/wp-json\/wp\/v2\/product_tag?post=10933"}],"curies":[{"name":"wp","href":"https:\/\/api.w.org\/{rel}","templated":true}]}}