{"id":10929,"date":"2025-04-18T10:49:30","date_gmt":"2025-04-18T10:49:30","guid":{"rendered":"https:\/\/websitedesign-entwurf.de\/3\/entwurf4\/?post_type=product&#038;p=10929"},"modified":"2025-12-15T12:25:45","modified_gmt":"2025-12-15T12:25:45","slug":"zero-tiefengrund-ti-77-2","status":"publish","type":"product","link":"https:\/\/websitedesign-entwurf.de\/3\/entwurf4\/produkt\/zero-tiefengrund-ti-77-2\/","title":{"rendered":"ZERO Tiefengrund Ti 77"},"content":{"rendered":"<p>Zero Tiefengrund Ti77<\/p>\n<p>L\u00f6semittelhaltig<br \/>\nAlkalibest\u00e4ndig<br \/>\nDiffusionsf\u00e4hig<\/p>\n<p>Farbloser Tiefengrundierung mit sehr hoher Eindringtiefe. Zur Verfestigung kritischer Untergr\u00fcnde. Sehr guter Haftvermittlung f\u00fcr weitere Anstriche. F\u00fcr au\u00dfen und innen<\/p>\n<p>Verpackung<br \/>\n10 l 2,5 l 1 l<\/p>\n<p>Verbrauch ca. 150-300ml\/m\u00b2<\/p>\n","protected":false},"excerpt":{"rendered":"<p>2,5l<\/p>\n","protected":false},"featured_media":10038,"comment_status":"open","ping_status":"closed","template":"","meta":[],"product_brand":[],"product_cat":[76],"product_tag":[],"class_list":{"0":"post-10929","1":"product","2":"type-product","3":"status-publish","4":"has-post-thumbnail","6":"product_cat-grundierung","8":"first","9":"instock","10":"taxable","11":"shipping-taxable","12":"purchasable","13":"product-type-simple"},"acf":[],"_links":{"self":[{"href":"https:\/\/websitedesign-entwurf.de\/3\/entwurf4\/wp-json\/wp\/v2\/product\/10929","targetHints":{"allow":["GET"]}}],"collection":[{"href":"https:\/\/websitedesign-entwurf.de\/3\/entwurf4\/wp-json\/wp\/v2\/product"}],"about":[{"href":"https:\/\/websitedesign-entwurf.de\/3\/entwurf4\/wp-json\/wp\/v2\/types\/product"}],"replies":[{"embeddable":true,"href":"https:\/\/websitedesign-entwurf.de\/3\/entwurf4\/wp-json\/wp\/v2\/comments?post=10929"}],"version-history":[{"count":2,"href":"https:\/\/websitedesign-entwurf.de\/3\/entwurf4\/wp-json\/wp\/v2\/product\/10929\/revisions"}],"predecessor-version":[{"id":11619,"href":"https:\/\/websitedesign-entwurf.de\/3\/entwurf4\/wp-json\/wp\/v2\/product\/10929\/revisions\/11619"}],"wp:featuredmedia":[{"embeddable":true,"href":"https:\/\/websitedesign-entwurf.de\/3\/entwurf4\/wp-json\/wp\/v2\/media\/10038"}],"wp:attachment":[{"href":"https:\/\/websitedesign-entwurf.de\/3\/entwurf4\/wp-json\/wp\/v2\/media?parent=10929"}],"wp:term":[{"taxonomy":"product_brand","embeddable":true,"href":"https:\/\/websitedesign-entwurf.de\/3\/entwurf4\/wp-json\/wp\/v2\/product_brand?post=10929"},{"taxonomy":"product_cat","embeddable":true,"href":"https:\/\/websitedesign-entwurf.de\/3\/entwurf4\/wp-json\/wp\/v2\/product_cat?post=10929"},{"taxonomy":"product_tag","embeddable":true,"href":"https:\/\/websitedesign-entwurf.de\/3\/entwurf4\/wp-json\/wp\/v2\/product_tag?post=10929"}],"curies":[{"name":"wp","href":"https:\/\/api.w.org\/{rel}","templated":true}]}}