{"id":10925,"date":"2025-04-18T10:52:27","date_gmt":"2025-04-18T10:52:27","guid":{"rendered":"https:\/\/websitedesign-entwurf.de\/3\/entwurf4\/?post_type=product&#038;p=10925"},"modified":"2025-12-15T12:25:01","modified_gmt":"2025-12-15T12:25:01","slug":"sakret-kg-20-kg","status":"publish","type":"product","link":"https:\/\/websitedesign-entwurf.de\/3\/entwurf4\/produkt\/sakret-kg-20-kg\/","title":{"rendered":"SAKRET KG  20 kg"},"content":{"rendered":"<p>SAKRET Kalk-Gl\u00e4tte KG ist ein mineralischer kalkgebundener Spachtel zum Abgl\u00e4tten von kalk- und zementgebundenen ebenen Wandfl\u00e4chen in Innenr\u00e4umen bis zur Oberfl\u00e4chen-Qualit\u00e4t Q4, z.B. zur Herstellung tapazierf\u00e4higer W\u00e4nde.<\/p>\n<p>Verarbeitung des Kalkspachtels SAKRET Kalk-Gl\u00e4tte KG wird von Hand in zwei Lagen aufgespachtelt und durchgegl\u00e4ttet.<\/p>\n<p>Beachten Sie in jedem Fall die Verarbeitungshinweise im Technischen Merkblatt sowie das Sicherheitsdatenblatt.<\/p>\n","protected":false},"excerpt":{"rendered":"<p>Kalkgl\u00e4tte<\/p>\n","protected":false},"featured_media":9881,"comment_status":"open","ping_status":"closed","template":"","meta":[],"product_brand":[],"product_cat":[78],"product_tag":[],"class_list":{"0":"post-10925","1":"product","2":"type-product","3":"status-publish","4":"has-post-thumbnail","6":"product_cat-putze","8":"first","9":"instock","10":"sale","11":"taxable","12":"shipping-taxable","13":"purchasable","14":"product-type-simple"},"acf":[],"_links":{"self":[{"href":"https:\/\/websitedesign-entwurf.de\/3\/entwurf4\/wp-json\/wp\/v2\/product\/10925","targetHints":{"allow":["GET"]}}],"collection":[{"href":"https:\/\/websitedesign-entwurf.de\/3\/entwurf4\/wp-json\/wp\/v2\/product"}],"about":[{"href":"https:\/\/websitedesign-entwurf.de\/3\/entwurf4\/wp-json\/wp\/v2\/types\/product"}],"replies":[{"embeddable":true,"href":"https:\/\/websitedesign-entwurf.de\/3\/entwurf4\/wp-json\/wp\/v2\/comments?post=10925"}],"version-history":[{"count":2,"href":"https:\/\/websitedesign-entwurf.de\/3\/entwurf4\/wp-json\/wp\/v2\/product\/10925\/revisions"}],"predecessor-version":[{"id":11186,"href":"https:\/\/websitedesign-entwurf.de\/3\/entwurf4\/wp-json\/wp\/v2\/product\/10925\/revisions\/11186"}],"wp:featuredmedia":[{"embeddable":true,"href":"https:\/\/websitedesign-entwurf.de\/3\/entwurf4\/wp-json\/wp\/v2\/media\/9881"}],"wp:attachment":[{"href":"https:\/\/websitedesign-entwurf.de\/3\/entwurf4\/wp-json\/wp\/v2\/media?parent=10925"}],"wp:term":[{"taxonomy":"product_brand","embeddable":true,"href":"https:\/\/websitedesign-entwurf.de\/3\/entwurf4\/wp-json\/wp\/v2\/product_brand?post=10925"},{"taxonomy":"product_cat","embeddable":true,"href":"https:\/\/websitedesign-entwurf.de\/3\/entwurf4\/wp-json\/wp\/v2\/product_cat?post=10925"},{"taxonomy":"product_tag","embeddable":true,"href":"https:\/\/websitedesign-entwurf.de\/3\/entwurf4\/wp-json\/wp\/v2\/product_tag?post=10925"}],"curies":[{"name":"wp","href":"https:\/\/api.w.org\/{rel}","templated":true}]}}