{"id":10787,"date":"2025-04-18T08:21:50","date_gmt":"2025-04-18T08:21:50","guid":{"rendered":"https:\/\/websitedesign-entwurf.de\/3\/entwurf4\/?post_type=product&#038;p=10787"},"modified":"2025-12-15T12:25:45","modified_gmt":"2025-12-15T12:25:45","slug":"zero-konzentrat-f","status":"publish","type":"product","link":"https:\/\/websitedesign-entwurf.de\/3\/entwurf4\/produkt\/zero-konzentrat-f\/","title":{"rendered":"ZERO Konzentrat F"},"content":{"rendered":"<p>Konzentrat F<\/p>\n<p>    Wasserverd\u00fcnnbar<br \/>\n    Farblos<\/p>\n<p>L\u00f6semittelfreies Allround-Grundierkonzentrat f\u00fcr au\u00dfen und innen. Verd\u00fcnnung bis 1:4 mit Wasser. Untergrund verfestigend und Saugf\u00e4higkeit regulierend.<\/p>\n<p>\u2714 Geeignet f\u00fcr alle ZEROTHERM WDV-Systeme.<\/p>\n<p>Verpackung<br \/>\n10 l 5 l 1 l<\/p>\n<p>Verbrauch<br \/>\nca. 200 &#8211; 500 ml\/m\u00b2<\/p>\n","protected":false},"excerpt":{"rendered":"<p>10 l<\/p>\n","protected":false},"featured_media":10034,"comment_status":"open","ping_status":"closed","template":"","meta":[],"product_brand":[],"product_cat":[76],"product_tag":[],"class_list":{"0":"post-10787","1":"product","2":"type-product","3":"status-publish","4":"has-post-thumbnail","6":"product_cat-grundierung","8":"first","9":"instock","10":"taxable","11":"shipping-taxable","12":"purchasable","13":"product-type-simple"},"acf":[],"_links":{"self":[{"href":"https:\/\/websitedesign-entwurf.de\/3\/entwurf4\/wp-json\/wp\/v2\/product\/10787","targetHints":{"allow":["GET"]}}],"collection":[{"href":"https:\/\/websitedesign-entwurf.de\/3\/entwurf4\/wp-json\/wp\/v2\/product"}],"about":[{"href":"https:\/\/websitedesign-entwurf.de\/3\/entwurf4\/wp-json\/wp\/v2\/types\/product"}],"replies":[{"embeddable":true,"href":"https:\/\/websitedesign-entwurf.de\/3\/entwurf4\/wp-json\/wp\/v2\/comments?post=10787"}],"version-history":[{"count":2,"href":"https:\/\/websitedesign-entwurf.de\/3\/entwurf4\/wp-json\/wp\/v2\/product\/10787\/revisions"}],"predecessor-version":[{"id":11615,"href":"https:\/\/websitedesign-entwurf.de\/3\/entwurf4\/wp-json\/wp\/v2\/product\/10787\/revisions\/11615"}],"wp:featuredmedia":[{"embeddable":true,"href":"https:\/\/websitedesign-entwurf.de\/3\/entwurf4\/wp-json\/wp\/v2\/media\/10034"}],"wp:attachment":[{"href":"https:\/\/websitedesign-entwurf.de\/3\/entwurf4\/wp-json\/wp\/v2\/media?parent=10787"}],"wp:term":[{"taxonomy":"product_brand","embeddable":true,"href":"https:\/\/websitedesign-entwurf.de\/3\/entwurf4\/wp-json\/wp\/v2\/product_brand?post=10787"},{"taxonomy":"product_cat","embeddable":true,"href":"https:\/\/websitedesign-entwurf.de\/3\/entwurf4\/wp-json\/wp\/v2\/product_cat?post=10787"},{"taxonomy":"product_tag","embeddable":true,"href":"https:\/\/websitedesign-entwurf.de\/3\/entwurf4\/wp-json\/wp\/v2\/product_tag?post=10787"}],"curies":[{"name":"wp","href":"https:\/\/api.w.org\/{rel}","templated":true}]}}