{"id":10784,"date":"2025-04-18T08:19:34","date_gmt":"2025-04-18T08:19:34","guid":{"rendered":"https:\/\/websitedesign-entwurf.de\/3\/entwurf4\/?post_type=product&#038;p=10784"},"modified":"2025-12-15T12:25:46","modified_gmt":"2025-12-15T12:25:46","slug":"zero-classic-mattfinish-3","status":"publish","type":"product","link":"https:\/\/websitedesign-entwurf.de\/3\/entwurf4\/produkt\/zero-classic-mattfinish-3\/","title":{"rendered":"ZERO Classic MattFinish"},"content":{"rendered":"<p>Zero Classic MattFinish<\/p>\n<p>Lange Offenzeit<br \/>\nStreifenfrei<br \/>\nGut ausbesserbar<\/p>\n<p>Hochwertige Innendispersion mit hoher Ergiebigkeit und sehr gutem Deckverm\u00f6gen. L\u00f6semittelfrei. Perfekt einsetzbar, wo eine stumpfmatte, gut verlaufende, glatte Oberfl\u00e4che gew\u00fcnscht wird. Lange Offenzeit. Wasserdampfdiffusionsf\u00e4hig. Schmutzunempfindlich. Umweltfreundlich. Geruchsarm. Frei von foggingaktiven Substanzen.<\/p>\n<p>Verpackung<br \/>\n12,5 l 5 l 2,5 <\/p>\n<p>Verbrauch ca. 140ml\/m\u00b2<\/p>\n","protected":false},"excerpt":{"rendered":"<p>5l  wei\u00df<\/p>\n","protected":false},"featured_media":10075,"comment_status":"open","ping_status":"closed","template":"","meta":[],"product_brand":[],"product_cat":[73],"product_tag":[],"class_list":{"0":"post-10784","1":"product","2":"type-product","3":"status-publish","4":"has-post-thumbnail","6":"product_cat-innenfarbe","8":"first","9":"instock","10":"taxable","11":"shipping-taxable","12":"purchasable","13":"product-type-simple"},"acf":[],"_links":{"self":[{"href":"https:\/\/websitedesign-entwurf.de\/3\/entwurf4\/wp-json\/wp\/v2\/product\/10784","targetHints":{"allow":["GET"]}}],"collection":[{"href":"https:\/\/websitedesign-entwurf.de\/3\/entwurf4\/wp-json\/wp\/v2\/product"}],"about":[{"href":"https:\/\/websitedesign-entwurf.de\/3\/entwurf4\/wp-json\/wp\/v2\/types\/product"}],"replies":[{"embeddable":true,"href":"https:\/\/websitedesign-entwurf.de\/3\/entwurf4\/wp-json\/wp\/v2\/comments?post=10784"}],"version-history":[{"count":3,"href":"https:\/\/websitedesign-entwurf.de\/3\/entwurf4\/wp-json\/wp\/v2\/product\/10784\/revisions"}],"predecessor-version":[{"id":11656,"href":"https:\/\/websitedesign-entwurf.de\/3\/entwurf4\/wp-json\/wp\/v2\/product\/10784\/revisions\/11656"}],"wp:featuredmedia":[{"embeddable":true,"href":"https:\/\/websitedesign-entwurf.de\/3\/entwurf4\/wp-json\/wp\/v2\/media\/10075"}],"wp:attachment":[{"href":"https:\/\/websitedesign-entwurf.de\/3\/entwurf4\/wp-json\/wp\/v2\/media?parent=10784"}],"wp:term":[{"taxonomy":"product_brand","embeddable":true,"href":"https:\/\/websitedesign-entwurf.de\/3\/entwurf4\/wp-json\/wp\/v2\/product_brand?post=10784"},{"taxonomy":"product_cat","embeddable":true,"href":"https:\/\/websitedesign-entwurf.de\/3\/entwurf4\/wp-json\/wp\/v2\/product_cat?post=10784"},{"taxonomy":"product_tag","embeddable":true,"href":"https:\/\/websitedesign-entwurf.de\/3\/entwurf4\/wp-json\/wp\/v2\/product_tag?post=10784"}],"curies":[{"name":"wp","href":"https:\/\/api.w.org\/{rel}","templated":true}]}}