{"id":10775,"date":"2025-04-18T08:14:17","date_gmt":"2025-04-18T08:14:17","guid":{"rendered":"https:\/\/websitedesign-entwurf.de\/3\/entwurf4\/?post_type=product&#038;p=10775"},"modified":"2025-12-15T12:25:05","modified_gmt":"2025-12-15T12:25:05","slug":"rasentraktor-mtd","status":"publish","type":"product","link":"https:\/\/websitedesign-entwurf.de\/3\/entwurf4\/produkt\/rasentraktor-mtd\/","title":{"rendered":"SMART RN 145 105cm"},"content":{"rendered":"<p>Dieses Modell ist mit seinem MTD-Motor (1 Zylinder, 9,4 kW, 547 cm\u00b3) der gr\u00f6\u00dfte Rasentraktor der Smart-Serie. Die absolut komfortable Schnittbreite von 105 cm und das 7-Gang-Transmtic-Getriebe pr\u00e4destinieren das Ger\u00e4t f\u00fcr gro\u00dfe Fl\u00e4chen bis zu 4.500 m\u00b2. Die Bereifung ist dabei extra gro\u00df und rasenfreundlich, um hier keine Sch\u00e4den anzurichten. Die Schnitth\u00f6he l\u00e4sst sich in f\u00fcnf Positionen m\u00fchelos zwischen 38 und 95 mm einstellen. W\u00e4hrend der Rasenschnitt standardm\u00e4\u00dfig im gro\u00dfz\u00fcgigen Fangsack von 240 l gesammelt wird, l\u00e4sst sich der Funktionsumfang durch das Mulchkit und einen Heckdeflektor optional erweitern. Mit Hilfe der OCR-Technologie m\u00e4hen Sie auch beim R\u00fcckw\u00e4rtsfahren und sparen sich dadurch unn\u00f6tige Wendungen. F\u00fcr die einfache Reinigung verf\u00fcgt der RN 145 \u00fcber eine Deckwaschd\u00fcse. Zus\u00e4tzliche Flexibilit\u00e4t bietet das umfangreiche Zubeh\u00f6r, das f\u00fcr alle MTD-Rasentraktoren erh\u00e4ltlich ist und f\u00fcr ganzj\u00e4hrige Einsatzm\u00f6glichkeiten rund um Haus und Garten sorgt &#8211; dank der hellen Frontscheinwerfer sogar \u00fcber das Tageslicht hinaus. Die Anbauteile lassen sich dabei m\u00fchelos und schnell ohne zus\u00e4tzliches Werkzeug befestigen.<\/p>\n","protected":false},"excerpt":{"rendered":"<p>Rasentraktor &#8211; MTD<\/p>\n","protected":false},"featured_media":9974,"comment_status":"open","ping_status":"closed","template":"","meta":[],"product_brand":[],"product_cat":[83],"product_tag":[],"class_list":{"0":"post-10775","1":"product","2":"type-product","3":"status-publish","4":"has-post-thumbnail","6":"product_cat-garten","8":"first","9":"instock","10":"taxable","11":"shipping-taxable","12":"purchasable","13":"product-type-simple"},"acf":[],"_links":{"self":[{"href":"https:\/\/websitedesign-entwurf.de\/3\/entwurf4\/wp-json\/wp\/v2\/product\/10775","targetHints":{"allow":["GET"]}}],"collection":[{"href":"https:\/\/websitedesign-entwurf.de\/3\/entwurf4\/wp-json\/wp\/v2\/product"}],"about":[{"href":"https:\/\/websitedesign-entwurf.de\/3\/entwurf4\/wp-json\/wp\/v2\/types\/product"}],"replies":[{"embeddable":true,"href":"https:\/\/websitedesign-entwurf.de\/3\/entwurf4\/wp-json\/wp\/v2\/comments?post=10775"}],"version-history":[{"count":3,"href":"https:\/\/websitedesign-entwurf.de\/3\/entwurf4\/wp-json\/wp\/v2\/product\/10775\/revisions"}],"predecessor-version":[{"id":11398,"href":"https:\/\/websitedesign-entwurf.de\/3\/entwurf4\/wp-json\/wp\/v2\/product\/10775\/revisions\/11398"}],"wp:featuredmedia":[{"embeddable":true,"href":"https:\/\/websitedesign-entwurf.de\/3\/entwurf4\/wp-json\/wp\/v2\/media\/9974"}],"wp:attachment":[{"href":"https:\/\/websitedesign-entwurf.de\/3\/entwurf4\/wp-json\/wp\/v2\/media?parent=10775"}],"wp:term":[{"taxonomy":"product_brand","embeddable":true,"href":"https:\/\/websitedesign-entwurf.de\/3\/entwurf4\/wp-json\/wp\/v2\/product_brand?post=10775"},{"taxonomy":"product_cat","embeddable":true,"href":"https:\/\/websitedesign-entwurf.de\/3\/entwurf4\/wp-json\/wp\/v2\/product_cat?post=10775"},{"taxonomy":"product_tag","embeddable":true,"href":"https:\/\/websitedesign-entwurf.de\/3\/entwurf4\/wp-json\/wp\/v2\/product_tag?post=10775"}],"curies":[{"name":"wp","href":"https:\/\/api.w.org\/{rel}","templated":true}]}}