{"id":10708,"date":"2025-04-18T07:48:48","date_gmt":"2025-04-18T07:48:48","guid":{"rendered":"https:\/\/websitedesign-entwurf.de\/3\/entwurf4\/?post_type=product&#038;p=10708"},"modified":"2025-12-15T12:25:45","modified_gmt":"2025-12-15T12:25:45","slug":"zero-wandfarbe-2000-plus-slf-2","status":"publish","type":"product","link":"https:\/\/websitedesign-entwurf.de\/3\/entwurf4\/produkt\/zero-wandfarbe-2000-plus-slf-2\/","title":{"rendered":"ZERO Wandfarbe 2000 Plus SLF"},"content":{"rendered":"<p>Zero Wandfarbe 2000 SLF<\/p>\n<p>\u00dcberdurchschnittlich<br \/>\nVielseitig<br \/>\nExzellente Nassdecke<\/p>\n<p>Matte, waschbest\u00e4ndige Dispersionsfarbe mit hohem Deckverm\u00f6gen. Schadstoff-, l\u00f6semittel- und weichmacherfrei. Frei von foggingaktiven Substanzen. Diffusionsf\u00e4hig. Unbedenkliche Verwendung in R\u00e4umen, in denen Lebensmittel hergestellt bzw. behandelt werden.<br \/>\nFarbton: Wei\u00df \/ Altwei\u00df.<\/p>\n<p>Verpackung<br \/>\n12,5l l 10l l 5l l 2,5l l 1l <\/p>\n<p>Verbrauch ca. 150 ml\/m\u00b2<\/p>\n","protected":false},"excerpt":{"rendered":"<p>12,5l wei\u00df<\/p>\n","protected":false},"featured_media":10031,"comment_status":"open","ping_status":"closed","template":"","meta":[],"product_brand":[],"product_cat":[73],"product_tag":[],"class_list":{"0":"post-10708","1":"product","2":"type-product","3":"status-publish","4":"has-post-thumbnail","6":"product_cat-innenfarbe","8":"first","9":"instock","10":"taxable","11":"shipping-taxable","12":"purchasable","13":"product-type-simple"},"acf":[],"_links":{"self":[{"href":"https:\/\/websitedesign-entwurf.de\/3\/entwurf4\/wp-json\/wp\/v2\/product\/10708","targetHints":{"allow":["GET"]}}],"collection":[{"href":"https:\/\/websitedesign-entwurf.de\/3\/entwurf4\/wp-json\/wp\/v2\/product"}],"about":[{"href":"https:\/\/websitedesign-entwurf.de\/3\/entwurf4\/wp-json\/wp\/v2\/types\/product"}],"replies":[{"embeddable":true,"href":"https:\/\/websitedesign-entwurf.de\/3\/entwurf4\/wp-json\/wp\/v2\/comments?post=10708"}],"version-history":[{"count":2,"href":"https:\/\/websitedesign-entwurf.de\/3\/entwurf4\/wp-json\/wp\/v2\/product\/10708\/revisions"}],"predecessor-version":[{"id":11612,"href":"https:\/\/websitedesign-entwurf.de\/3\/entwurf4\/wp-json\/wp\/v2\/product\/10708\/revisions\/11612"}],"wp:featuredmedia":[{"embeddable":true,"href":"https:\/\/websitedesign-entwurf.de\/3\/entwurf4\/wp-json\/wp\/v2\/media\/10031"}],"wp:attachment":[{"href":"https:\/\/websitedesign-entwurf.de\/3\/entwurf4\/wp-json\/wp\/v2\/media?parent=10708"}],"wp:term":[{"taxonomy":"product_brand","embeddable":true,"href":"https:\/\/websitedesign-entwurf.de\/3\/entwurf4\/wp-json\/wp\/v2\/product_brand?post=10708"},{"taxonomy":"product_cat","embeddable":true,"href":"https:\/\/websitedesign-entwurf.de\/3\/entwurf4\/wp-json\/wp\/v2\/product_cat?post=10708"},{"taxonomy":"product_tag","embeddable":true,"href":"https:\/\/websitedesign-entwurf.de\/3\/entwurf4\/wp-json\/wp\/v2\/product_tag?post=10708"}],"curies":[{"name":"wp","href":"https:\/\/api.w.org\/{rel}","templated":true}]}}