{"id":10661,"date":"2025-04-18T07:28:16","date_gmt":"2025-04-18T07:28:16","guid":{"rendered":"https:\/\/websitedesign-entwurf.de\/3\/entwurf4\/?post_type=product&#038;p=10661"},"modified":"2025-12-15T12:25:45","modified_gmt":"2025-12-15T12:25:45","slug":"zero-intermatt-isolier-und-haftprimer-2","status":"publish","type":"product","link":"https:\/\/websitedesign-entwurf.de\/3\/entwurf4\/produkt\/zero-intermatt-isolier-und-haftprimer-2\/","title":{"rendered":"ZERO Intermatt Isolier-und Haftprimer"},"content":{"rendered":"<p>Zero Intermatt Isolier-und Haftprimer <\/p>\n<p>Wasserverd\u00fcnnbar<br \/>\nL\u00f6semittelfrei<\/p>\n<p>Wei\u00dfe, seidenmatte Dispersionsfarbe mit exzellenten isolierenden und haftvermittelnden Eigenschaften auf unterschiedlichsten Untergr\u00fcnden. Spannungsfrei. Geruchsarm. Ideal auf ma\u00dfhaltigen und nicht ma\u00dfhaltigen Holzbauteilen und als Haftvermittler fu\u0308r Zink, Aluminium innen, Hart-PVC, Einbrennlacke und alte Farbanstriche.<\/p>\n<p>Verpackung<br \/>\n12,5 l 2,5 l<\/p>\n<p>Verbrauch ca. 150-200ml\/m\u00b2<\/p>\n","protected":false},"excerpt":{"rendered":"<p>12,5l<\/p>\n","protected":false},"featured_media":10026,"comment_status":"open","ping_status":"closed","template":"","meta":[],"product_brand":[],"product_cat":[76],"product_tag":[],"class_list":{"0":"post-10661","1":"product","2":"type-product","3":"status-publish","4":"has-post-thumbnail","6":"product_cat-grundierung","8":"first","9":"instock","10":"taxable","11":"shipping-taxable","12":"purchasable","13":"product-type-simple"},"acf":[],"_links":{"self":[{"href":"https:\/\/websitedesign-entwurf.de\/3\/entwurf4\/wp-json\/wp\/v2\/product\/10661","targetHints":{"allow":["GET"]}}],"collection":[{"href":"https:\/\/websitedesign-entwurf.de\/3\/entwurf4\/wp-json\/wp\/v2\/product"}],"about":[{"href":"https:\/\/websitedesign-entwurf.de\/3\/entwurf4\/wp-json\/wp\/v2\/types\/product"}],"replies":[{"embeddable":true,"href":"https:\/\/websitedesign-entwurf.de\/3\/entwurf4\/wp-json\/wp\/v2\/comments?post=10661"}],"version-history":[{"count":3,"href":"https:\/\/websitedesign-entwurf.de\/3\/entwurf4\/wp-json\/wp\/v2\/product\/10661\/revisions"}],"predecessor-version":[{"id":11609,"href":"https:\/\/websitedesign-entwurf.de\/3\/entwurf4\/wp-json\/wp\/v2\/product\/10661\/revisions\/11609"}],"wp:featuredmedia":[{"embeddable":true,"href":"https:\/\/websitedesign-entwurf.de\/3\/entwurf4\/wp-json\/wp\/v2\/media\/10026"}],"wp:attachment":[{"href":"https:\/\/websitedesign-entwurf.de\/3\/entwurf4\/wp-json\/wp\/v2\/media?parent=10661"}],"wp:term":[{"taxonomy":"product_brand","embeddable":true,"href":"https:\/\/websitedesign-entwurf.de\/3\/entwurf4\/wp-json\/wp\/v2\/product_brand?post=10661"},{"taxonomy":"product_cat","embeddable":true,"href":"https:\/\/websitedesign-entwurf.de\/3\/entwurf4\/wp-json\/wp\/v2\/product_cat?post=10661"},{"taxonomy":"product_tag","embeddable":true,"href":"https:\/\/websitedesign-entwurf.de\/3\/entwurf4\/wp-json\/wp\/v2\/product_tag?post=10661"}],"curies":[{"name":"wp","href":"https:\/\/api.w.org\/{rel}","templated":true}]}}