{"id":10655,"date":"2025-04-18T07:24:28","date_gmt":"2025-04-18T07:24:28","guid":{"rendered":"https:\/\/websitedesign-entwurf.de\/3\/entwurf4\/?post_type=product&#038;p=10655"},"modified":"2025-12-15T12:25:48","modified_gmt":"2025-12-15T12:25:48","slug":"suedwest-klimakomfort-ka-moertel","status":"publish","type":"product","link":"https:\/\/websitedesign-entwurf.de\/3\/entwurf4\/produkt\/suedwest-klimakomfort-ka-moertel\/","title":{"rendered":"S\u00fcdwest KlimaKomfort K+A M\u00f6rtel"},"content":{"rendered":"<p>S\u00fcdwest KlimaKomfort K+A M\u00f6rtel<br \/>\nZementm\u00f6rtel f\u00fcr das KlimaKomfort System<\/p>\n<p>mineralisch, Schutz vor Schimmelpilzen durch hohe Alkalit\u00e4t, sehr hohe Wasserdampfdiffusion, hohe Klebekraft, gute Haftung, filzbar<\/p>\n<p>Verpackung<br \/>\n25 kg<\/p>\n<p>Verbrauch   Kleben: 4 \u2013 6 kg\/m\u00b2<br \/>\n                   Armieren: 5 kg\/m\u00b2<\/p>\n","protected":false},"excerpt":{"rendered":"<p>25kg\/Sack<\/p>\n","protected":false},"featured_media":10128,"comment_status":"open","ping_status":"closed","template":"","meta":[],"product_brand":[],"product_cat":[78],"product_tag":[],"class_list":{"0":"post-10655","1":"product","2":"type-product","3":"status-publish","4":"has-post-thumbnail","6":"product_cat-putze","8":"first","9":"instock","10":"taxable","11":"shipping-taxable","12":"purchasable","13":"product-type-simple"},"acf":[],"_links":{"self":[{"href":"https:\/\/websitedesign-entwurf.de\/3\/entwurf4\/wp-json\/wp\/v2\/product\/10655","targetHints":{"allow":["GET"]}}],"collection":[{"href":"https:\/\/websitedesign-entwurf.de\/3\/entwurf4\/wp-json\/wp\/v2\/product"}],"about":[{"href":"https:\/\/websitedesign-entwurf.de\/3\/entwurf4\/wp-json\/wp\/v2\/types\/product"}],"replies":[{"embeddable":true,"href":"https:\/\/websitedesign-entwurf.de\/3\/entwurf4\/wp-json\/wp\/v2\/comments?post=10655"}],"version-history":[{"count":3,"href":"https:\/\/websitedesign-entwurf.de\/3\/entwurf4\/wp-json\/wp\/v2\/product\/10655\/revisions"}],"predecessor-version":[{"id":11709,"href":"https:\/\/websitedesign-entwurf.de\/3\/entwurf4\/wp-json\/wp\/v2\/product\/10655\/revisions\/11709"}],"wp:featuredmedia":[{"embeddable":true,"href":"https:\/\/websitedesign-entwurf.de\/3\/entwurf4\/wp-json\/wp\/v2\/media\/10128"}],"wp:attachment":[{"href":"https:\/\/websitedesign-entwurf.de\/3\/entwurf4\/wp-json\/wp\/v2\/media?parent=10655"}],"wp:term":[{"taxonomy":"product_brand","embeddable":true,"href":"https:\/\/websitedesign-entwurf.de\/3\/entwurf4\/wp-json\/wp\/v2\/product_brand?post=10655"},{"taxonomy":"product_cat","embeddable":true,"href":"https:\/\/websitedesign-entwurf.de\/3\/entwurf4\/wp-json\/wp\/v2\/product_cat?post=10655"},{"taxonomy":"product_tag","embeddable":true,"href":"https:\/\/websitedesign-entwurf.de\/3\/entwurf4\/wp-json\/wp\/v2\/product_tag?post=10655"}],"curies":[{"name":"wp","href":"https:\/\/api.w.org\/{rel}","templated":true}]}}