{"id":10651,"date":"2025-04-18T07:20:42","date_gmt":"2025-04-18T07:20:42","guid":{"rendered":"https:\/\/websitedesign-entwurf.de\/3\/entwurf4\/?post_type=product&#038;p=10651"},"modified":"2025-12-15T12:25:48","modified_gmt":"2025-12-15T12:25:48","slug":"suedwest-klimakomfort-perlit-platte","status":"publish","type":"product","link":"https:\/\/websitedesign-entwurf.de\/3\/entwurf4\/produkt\/suedwest-klimakomfort-perlit-platte\/","title":{"rendered":"S\u00fcdwest KlimaKomfort Perlit-Platte"},"content":{"rendered":"<p>S\u00fcdwest KlimaKomfort Perlit-Platte<br \/>\nPlatte f\u00fcr das KlimaKomfort Schimmelsanierungssystem<\/p>\n<p>mineralisch, Schutz vor Schimmelpilzen durch hohe Alkalit\u00e4t, Unterst\u00fctzung der feuchtigkeitsregulierenden und kapillaraktiven Eigenschaften des S\u00dcDWEST KlimaKomfort Schimmelsanierungssystem, sehr hohe Wasserdampfdiffusion, schnelle Verarbeitung von anfallendem Wasser in der Platte, hervorragende Trocknung, W\u00e4rmeleitgruppe: 055, Baustoffklasse A1 (nichtbrennbar) gem\u00e4\u00df EN 13501-1<\/p>\n<p>Verpackung 3,12m\u00b2\/Paket<\/p>\n","protected":false},"excerpt":{"rendered":"<p>3,12 m\u00b2\/ Pack.<\/p>\n","protected":false},"featured_media":10127,"comment_status":"open","ping_status":"closed","template":"","meta":[],"product_brand":[],"product_cat":[86],"product_tag":[],"class_list":{"0":"post-10651","1":"product","2":"type-product","3":"status-publish","4":"has-post-thumbnail","6":"product_cat-chemische-stoffe","8":"first","9":"instock","10":"taxable","11":"shipping-taxable","12":"purchasable","13":"product-type-simple"},"acf":[],"_links":{"self":[{"href":"https:\/\/websitedesign-entwurf.de\/3\/entwurf4\/wp-json\/wp\/v2\/product\/10651","targetHints":{"allow":["GET"]}}],"collection":[{"href":"https:\/\/websitedesign-entwurf.de\/3\/entwurf4\/wp-json\/wp\/v2\/product"}],"about":[{"href":"https:\/\/websitedesign-entwurf.de\/3\/entwurf4\/wp-json\/wp\/v2\/types\/product"}],"replies":[{"embeddable":true,"href":"https:\/\/websitedesign-entwurf.de\/3\/entwurf4\/wp-json\/wp\/v2\/comments?post=10651"}],"version-history":[{"count":2,"href":"https:\/\/websitedesign-entwurf.de\/3\/entwurf4\/wp-json\/wp\/v2\/product\/10651\/revisions"}],"predecessor-version":[{"id":11708,"href":"https:\/\/websitedesign-entwurf.de\/3\/entwurf4\/wp-json\/wp\/v2\/product\/10651\/revisions\/11708"}],"wp:featuredmedia":[{"embeddable":true,"href":"https:\/\/websitedesign-entwurf.de\/3\/entwurf4\/wp-json\/wp\/v2\/media\/10127"}],"wp:attachment":[{"href":"https:\/\/websitedesign-entwurf.de\/3\/entwurf4\/wp-json\/wp\/v2\/media?parent=10651"}],"wp:term":[{"taxonomy":"product_brand","embeddable":true,"href":"https:\/\/websitedesign-entwurf.de\/3\/entwurf4\/wp-json\/wp\/v2\/product_brand?post=10651"},{"taxonomy":"product_cat","embeddable":true,"href":"https:\/\/websitedesign-entwurf.de\/3\/entwurf4\/wp-json\/wp\/v2\/product_cat?post=10651"},{"taxonomy":"product_tag","embeddable":true,"href":"https:\/\/websitedesign-entwurf.de\/3\/entwurf4\/wp-json\/wp\/v2\/product_tag?post=10651"}],"curies":[{"name":"wp","href":"https:\/\/api.w.org\/{rel}","templated":true}]}}