{"id":10630,"date":"2025-04-18T06:55:15","date_gmt":"2025-04-18T06:55:15","guid":{"rendered":"https:\/\/websitedesign-entwurf.de\/3\/entwurf4\/?post_type=product&#038;p=10630"},"modified":"2025-12-15T12:25:46","modified_gmt":"2025-12-15T12:25:46","slug":"zero-renotec-ouarzgrund-2","status":"publish","type":"product","link":"https:\/\/websitedesign-entwurf.de\/3\/entwurf4\/produkt\/zero-renotec-ouarzgrund-2\/","title":{"rendered":"ZERO RenoTec Ouarzgrund"},"content":{"rendered":"<p>Zero RenoTec Quarzgrund<\/p>\n<p>Streichvlies<br \/>\nFaserarmiert<br \/>\nWetterbest\u00e4ndig<\/p>\n<p>Rissverschl\u00e4mmende, faserverst\u00e4rkte Zwischenbeschichtung f\u00fcr au\u00dfen und innen. Haftvermittelnd und gut strukturierbar.<\/p>\n<p>\u2714 Geeignet f\u00fcr alle ZEROTHERM WDV-Systeme.<\/p>\n<p>Verpackung<br \/>\n15 kg 8 kg<\/p>\n<p>Verbrauch ca. 500 g\/m\u00b2<\/p>\n","protected":false},"excerpt":{"rendered":"<p>8 kg<\/p>\n","protected":false},"featured_media":10072,"comment_status":"open","ping_status":"closed","template":"","meta":[],"product_brand":[],"product_cat":[76],"product_tag":[],"class_list":{"0":"post-10630","1":"product","2":"type-product","3":"status-publish","4":"has-post-thumbnail","6":"product_cat-grundierung","8":"first","9":"instock","10":"taxable","11":"shipping-taxable","12":"purchasable","13":"product-type-simple"},"acf":[],"_links":{"self":[{"href":"https:\/\/websitedesign-entwurf.de\/3\/entwurf4\/wp-json\/wp\/v2\/product\/10630","targetHints":{"allow":["GET"]}}],"collection":[{"href":"https:\/\/websitedesign-entwurf.de\/3\/entwurf4\/wp-json\/wp\/v2\/product"}],"about":[{"href":"https:\/\/websitedesign-entwurf.de\/3\/entwurf4\/wp-json\/wp\/v2\/types\/product"}],"replies":[{"embeddable":true,"href":"https:\/\/websitedesign-entwurf.de\/3\/entwurf4\/wp-json\/wp\/v2\/comments?post=10630"}],"version-history":[{"count":2,"href":"https:\/\/websitedesign-entwurf.de\/3\/entwurf4\/wp-json\/wp\/v2\/product\/10630\/revisions"}],"predecessor-version":[{"id":11653,"href":"https:\/\/websitedesign-entwurf.de\/3\/entwurf4\/wp-json\/wp\/v2\/product\/10630\/revisions\/11653"}],"wp:featuredmedia":[{"embeddable":true,"href":"https:\/\/websitedesign-entwurf.de\/3\/entwurf4\/wp-json\/wp\/v2\/media\/10072"}],"wp:attachment":[{"href":"https:\/\/websitedesign-entwurf.de\/3\/entwurf4\/wp-json\/wp\/v2\/media?parent=10630"}],"wp:term":[{"taxonomy":"product_brand","embeddable":true,"href":"https:\/\/websitedesign-entwurf.de\/3\/entwurf4\/wp-json\/wp\/v2\/product_brand?post=10630"},{"taxonomy":"product_cat","embeddable":true,"href":"https:\/\/websitedesign-entwurf.de\/3\/entwurf4\/wp-json\/wp\/v2\/product_cat?post=10630"},{"taxonomy":"product_tag","embeddable":true,"href":"https:\/\/websitedesign-entwurf.de\/3\/entwurf4\/wp-json\/wp\/v2\/product_tag?post=10630"}],"curies":[{"name":"wp","href":"https:\/\/api.w.org\/{rel}","templated":true}]}}