{"id":10609,"date":"2025-04-18T06:42:07","date_gmt":"2025-04-18T06:42:07","guid":{"rendered":"https:\/\/websitedesign-entwurf.de\/3\/entwurf4\/?post_type=product&#038;p=10609"},"modified":"2025-12-15T12:25:49","modified_gmt":"2025-12-15T12:25:49","slug":"pufamur-s50-light","status":"publish","type":"product","link":"https:\/\/websitedesign-entwurf.de\/3\/entwurf4\/produkt\/pufamur-s50-light\/","title":{"rendered":"Pufamur S50 light"},"content":{"rendered":"<p>pufamur Fill-Finish S50 light<br \/>\nGebrauchsfertiger Allround-Leichtspachtel<\/p>\n<p>: Nur f\u00fcr innen. F\u00fcr alle mineralischen Untergr\u00fcnde (Putz, Beton, Porenbeton u.<br \/>\n\u00e4.), Dispersionsfarbenanstriche sowie Gipskarton-, Gipsfaser- und andere Trockenbauplatten gem\u00e4\u00df<br \/>\nEN 13963. Nicht im Nassbereich einsetzbar.<\/p>\n<p>Verpackung<br \/>\n20kg<\/p>\n<p>Verbrauch 20 kg f\u00fcr ca. 18 m\u00b2 bei 1 mm Auftragsst\u00e4rke<\/p>\n","protected":false},"excerpt":{"rendered":"<p>Premium Fill-Finish 20kg<\/p>\n","protected":false},"featured_media":10159,"comment_status":"open","ping_status":"closed","template":"","meta":[],"product_brand":[],"product_cat":[77],"product_tag":[],"class_list":{"0":"post-10609","1":"product","2":"type-product","3":"status-publish","4":"has-post-thumbnail","6":"product_cat-trockenbau","8":"first","9":"instock","10":"taxable","11":"shipping-taxable","12":"purchasable","13":"product-type-simple"},"acf":[],"_links":{"self":[{"href":"https:\/\/websitedesign-entwurf.de\/3\/entwurf4\/wp-json\/wp\/v2\/product\/10609","targetHints":{"allow":["GET"]}}],"collection":[{"href":"https:\/\/websitedesign-entwurf.de\/3\/entwurf4\/wp-json\/wp\/v2\/product"}],"about":[{"href":"https:\/\/websitedesign-entwurf.de\/3\/entwurf4\/wp-json\/wp\/v2\/types\/product"}],"replies":[{"embeddable":true,"href":"https:\/\/websitedesign-entwurf.de\/3\/entwurf4\/wp-json\/wp\/v2\/comments?post=10609"}],"version-history":[{"count":2,"href":"https:\/\/websitedesign-entwurf.de\/3\/entwurf4\/wp-json\/wp\/v2\/product\/10609\/revisions"}],"predecessor-version":[{"id":11740,"href":"https:\/\/websitedesign-entwurf.de\/3\/entwurf4\/wp-json\/wp\/v2\/product\/10609\/revisions\/11740"}],"wp:featuredmedia":[{"embeddable":true,"href":"https:\/\/websitedesign-entwurf.de\/3\/entwurf4\/wp-json\/wp\/v2\/media\/10159"}],"wp:attachment":[{"href":"https:\/\/websitedesign-entwurf.de\/3\/entwurf4\/wp-json\/wp\/v2\/media?parent=10609"}],"wp:term":[{"taxonomy":"product_brand","embeddable":true,"href":"https:\/\/websitedesign-entwurf.de\/3\/entwurf4\/wp-json\/wp\/v2\/product_brand?post=10609"},{"taxonomy":"product_cat","embeddable":true,"href":"https:\/\/websitedesign-entwurf.de\/3\/entwurf4\/wp-json\/wp\/v2\/product_cat?post=10609"},{"taxonomy":"product_tag","embeddable":true,"href":"https:\/\/websitedesign-entwurf.de\/3\/entwurf4\/wp-json\/wp\/v2\/product_tag?post=10609"}],"curies":[{"name":"wp","href":"https:\/\/api.w.org\/{rel}","templated":true}]}}