{"id":10575,"date":"2025-04-18T06:26:13","date_gmt":"2025-04-18T06:26:13","guid":{"rendered":"https:\/\/websitedesign-entwurf.de\/3\/entwurf4\/?post_type=product&#038;p=10575"},"modified":"2025-12-15T12:25:48","modified_gmt":"2025-12-15T12:25:48","slug":"suedwest-silikat-topin-2","status":"publish","type":"product","link":"https:\/\/websitedesign-entwurf.de\/3\/entwurf4\/produkt\/suedwest-silikat-topin-2\/","title":{"rendered":"S\u00fcdwest Silikat TopIn"},"content":{"rendered":"<p>S\u00fcdwest SilikatTopIn<\/p>\n<p>sehr gute Ausbesserbarkeit, hohes Deckverm\u00f6gen, hervorragende Verarbeitungseigenschaften, schimmelpilzhemmend, sehr streiflichtunempfindlich, natureplus\u00ae-Qualit\u00e4tszeichen erf\u00fcllt die strengsten Anforderungen an Umwelt und Gesundheit, T\u00dcV S\u00dcD &#8211; Pr\u00fcfung auf gesundheitsrelevante Inhaltsstoffe und Emissionen,, regelm\u00e4\u00dfige Produkt- und Prozess\u00fcberwachung, Kontrolle der Einsatzstoffe, (www.tuvsud.com\/schadstoffpruefung-bauprodukte), Silikatfarbe gem\u00e4\u00df DIN 18363 2.4.1 mit einem organischen Anteil < 5%, gute Best\u00e4ndigkeit gegen\u00fcber Fl\u00e4chendesinfektionsmitteln, Nassabriebklasse: 2, Kontrastverh\u00e4ltnis: Klasse 2 bei 7 m\u00b2\/l, maximale Korngr\u00f6\u00dfe: fein\n\nVerpackung\n5 l, 12,5 l\n\nVerbrauch 130 - 150 ml\/m\u00b2 pro Anstrich, je nach Saugf\u00e4higkeit und Rauhigkeit des Untergrundes kann es zu einem abweichenden Verbrauch kommen.\n<\/p>\n","protected":false},"excerpt":{"rendered":"<p>12,5l<\/p>\n","protected":false},"featured_media":10122,"comment_status":"open","ping_status":"closed","template":"","meta":[],"product_brand":[],"product_cat":[73],"product_tag":[],"class_list":{"0":"post-10575","1":"product","2":"type-product","3":"status-publish","4":"has-post-thumbnail","6":"product_cat-innenfarbe","8":"first","9":"instock","10":"taxable","11":"shipping-taxable","12":"product-type-simple"},"acf":[],"_links":{"self":[{"href":"https:\/\/websitedesign-entwurf.de\/3\/entwurf4\/wp-json\/wp\/v2\/product\/10575","targetHints":{"allow":["GET"]}}],"collection":[{"href":"https:\/\/websitedesign-entwurf.de\/3\/entwurf4\/wp-json\/wp\/v2\/product"}],"about":[{"href":"https:\/\/websitedesign-entwurf.de\/3\/entwurf4\/wp-json\/wp\/v2\/types\/product"}],"replies":[{"embeddable":true,"href":"https:\/\/websitedesign-entwurf.de\/3\/entwurf4\/wp-json\/wp\/v2\/comments?post=10575"}],"version-history":[{"count":2,"href":"https:\/\/websitedesign-entwurf.de\/3\/entwurf4\/wp-json\/wp\/v2\/product\/10575\/revisions"}],"predecessor-version":[{"id":11703,"href":"https:\/\/websitedesign-entwurf.de\/3\/entwurf4\/wp-json\/wp\/v2\/product\/10575\/revisions\/11703"}],"wp:featuredmedia":[{"embeddable":true,"href":"https:\/\/websitedesign-entwurf.de\/3\/entwurf4\/wp-json\/wp\/v2\/media\/10122"}],"wp:attachment":[{"href":"https:\/\/websitedesign-entwurf.de\/3\/entwurf4\/wp-json\/wp\/v2\/media?parent=10575"}],"wp:term":[{"taxonomy":"product_brand","embeddable":true,"href":"https:\/\/websitedesign-entwurf.de\/3\/entwurf4\/wp-json\/wp\/v2\/product_brand?post=10575"},{"taxonomy":"product_cat","embeddable":true,"href":"https:\/\/websitedesign-entwurf.de\/3\/entwurf4\/wp-json\/wp\/v2\/product_cat?post=10575"},{"taxonomy":"product_tag","embeddable":true,"href":"https:\/\/websitedesign-entwurf.de\/3\/entwurf4\/wp-json\/wp\/v2\/product_tag?post=10575"}],"curies":[{"name":"wp","href":"https:\/\/api.w.org\/{rel}","templated":true}]}}