{"id":10545,"date":"2025-04-18T06:19:04","date_gmt":"2025-04-18T06:19:04","guid":{"rendered":"https:\/\/websitedesign-entwurf.de\/3\/entwurf4\/?post_type=product&#038;p=10545"},"modified":"2025-12-15T12:25:45","modified_gmt":"2025-12-15T12:25:45","slug":"zero-fassade-95-weiss-3","status":"publish","type":"product","link":"https:\/\/websitedesign-entwurf.de\/3\/entwurf4\/produkt\/zero-fassade-95-weiss-3\/","title":{"rendered":"ZERO Fassade 95 wei\u00df"},"content":{"rendered":"<p>Zero Fassade 95 Siliconharzfarbe<\/p>\n<p>Exzellentes Deckverm\u00f6gen<br \/>\nGute Wasserdampfdiffusion<br \/>\nGro\u00dfe Farbtonvielfalt<\/p>\n<p>Matte, extrem wetterbest\u00e4ndige Silicon-Dispersions-Fassadenfarbe f\u00fcr alle tragf\u00e4higen Untergr\u00fcnde. Tropf- und spritzgehemmt. Mit Selbstreinigungseffekt.<br \/>\nMit verkapseltem Filmschutz gegen organischen Befall.<\/p>\n<p>TSR-T\u00f6nung werkseitig auf Anfrage, Lieferzeit ca. 3 Werktage.<\/p>\n<p>\u2714 Geeignet f\u00fcr alle ZEROTHERM WDV-Systeme.<\/p>\n<p>Verpackung<br \/>\n12,5 l 5 l 2,5 l 1 l<\/p>\n<p>Verbrauch ca. 150-200ml\/m\u00b2<\/p>\n","protected":false},"excerpt":{"rendered":"<p>5 l<\/p>\n","protected":false},"featured_media":10018,"comment_status":"open","ping_status":"closed","template":"","meta":[],"product_brand":[],"product_cat":[74],"product_tag":[],"class_list":{"0":"post-10545","1":"product","2":"type-product","3":"status-publish","4":"has-post-thumbnail","6":"product_cat-fassadenfarbe","8":"first","9":"instock","10":"taxable","11":"shipping-taxable","12":"purchasable","13":"product-type-simple"},"acf":[],"_links":{"self":[{"href":"https:\/\/websitedesign-entwurf.de\/3\/entwurf4\/wp-json\/wp\/v2\/product\/10545","targetHints":{"allow":["GET"]}}],"collection":[{"href":"https:\/\/websitedesign-entwurf.de\/3\/entwurf4\/wp-json\/wp\/v2\/product"}],"about":[{"href":"https:\/\/websitedesign-entwurf.de\/3\/entwurf4\/wp-json\/wp\/v2\/types\/product"}],"replies":[{"embeddable":true,"href":"https:\/\/websitedesign-entwurf.de\/3\/entwurf4\/wp-json\/wp\/v2\/comments?post=10545"}],"version-history":[{"count":2,"href":"https:\/\/websitedesign-entwurf.de\/3\/entwurf4\/wp-json\/wp\/v2\/product\/10545\/revisions"}],"predecessor-version":[{"id":11604,"href":"https:\/\/websitedesign-entwurf.de\/3\/entwurf4\/wp-json\/wp\/v2\/product\/10545\/revisions\/11604"}],"wp:featuredmedia":[{"embeddable":true,"href":"https:\/\/websitedesign-entwurf.de\/3\/entwurf4\/wp-json\/wp\/v2\/media\/10018"}],"wp:attachment":[{"href":"https:\/\/websitedesign-entwurf.de\/3\/entwurf4\/wp-json\/wp\/v2\/media?parent=10545"}],"wp:term":[{"taxonomy":"product_brand","embeddable":true,"href":"https:\/\/websitedesign-entwurf.de\/3\/entwurf4\/wp-json\/wp\/v2\/product_brand?post=10545"},{"taxonomy":"product_cat","embeddable":true,"href":"https:\/\/websitedesign-entwurf.de\/3\/entwurf4\/wp-json\/wp\/v2\/product_cat?post=10545"},{"taxonomy":"product_tag","embeddable":true,"href":"https:\/\/websitedesign-entwurf.de\/3\/entwurf4\/wp-json\/wp\/v2\/product_tag?post=10545"}],"curies":[{"name":"wp","href":"https:\/\/api.w.org\/{rel}","templated":true}]}}