{"id":10543,"date":"2025-04-18T06:16:04","date_gmt":"2025-04-18T06:16:04","guid":{"rendered":"https:\/\/websitedesign-entwurf.de\/3\/entwurf4\/?post_type=product&#038;p=10543"},"modified":"2025-12-15T12:25:46","modified_gmt":"2025-12-15T12:25:46","slug":"zero-q4-mattfinish-2","status":"publish","type":"product","link":"https:\/\/websitedesign-entwurf.de\/3\/entwurf4\/produkt\/zero-q4-mattfinish-2\/","title":{"rendered":"Zero Q4 Mattfinish"},"content":{"rendered":"<p>Zero Q4 MattFinish <\/p>\n<p>Edelmatt und wunderbar glatt<br \/>\nPerfekt ausbesserbar und reinigungsf\u00e4hig<br \/>\nF\u00fcr streifenfreie Fl\u00e4chen<\/p>\n<p>Exzellente l\u00f6semittelfreie Premium-Innendispersion mit sehr hoher Ergiebigkeit und ausgezeichnetem Deckverm\u00f6gen. F\u00fcr ein sch\u00f6nes, gleichm\u00e4\u00dfiges Endergebnis mit hohem Wei\u00dfgrad. Perfekt einsetzbar, wo eine stumpfmatte, sehr gut verlaufende, glatte Oberfl\u00e4che gew\u00fcnscht wird. Lange Offenzeit. Kein Aufbrennen. Diffusionsf\u00e4hig. Verschmutzungsunempfindlich. Umweltfreundlich. Geruchsarm. Frei von foggingaktiven Substanzen.<\/p>\n<p>Verpackung<br \/>\n12,5 l 5 l 2,5 l<\/p>\n<p>Verbrauch ca. 140ml\/m\u00b2<\/p>\n","protected":false},"excerpt":{"rendered":"<p>5l wei\u00df<\/p>\n","protected":false},"featured_media":10067,"comment_status":"open","ping_status":"closed","template":"","meta":[],"product_brand":[],"product_cat":[73],"product_tag":[],"class_list":{"0":"post-10543","1":"product","2":"type-product","3":"status-publish","4":"has-post-thumbnail","6":"product_cat-innenfarbe","8":"first","9":"instock","10":"taxable","11":"shipping-taxable","12":"product-type-simple"},"acf":[],"_links":{"self":[{"href":"https:\/\/websitedesign-entwurf.de\/3\/entwurf4\/wp-json\/wp\/v2\/product\/10543","targetHints":{"allow":["GET"]}}],"collection":[{"href":"https:\/\/websitedesign-entwurf.de\/3\/entwurf4\/wp-json\/wp\/v2\/product"}],"about":[{"href":"https:\/\/websitedesign-entwurf.de\/3\/entwurf4\/wp-json\/wp\/v2\/types\/product"}],"replies":[{"embeddable":true,"href":"https:\/\/websitedesign-entwurf.de\/3\/entwurf4\/wp-json\/wp\/v2\/comments?post=10543"}],"version-history":[{"count":2,"href":"https:\/\/websitedesign-entwurf.de\/3\/entwurf4\/wp-json\/wp\/v2\/product\/10543\/revisions"}],"predecessor-version":[{"id":11648,"href":"https:\/\/websitedesign-entwurf.de\/3\/entwurf4\/wp-json\/wp\/v2\/product\/10543\/revisions\/11648"}],"wp:featuredmedia":[{"embeddable":true,"href":"https:\/\/websitedesign-entwurf.de\/3\/entwurf4\/wp-json\/wp\/v2\/media\/10067"}],"wp:attachment":[{"href":"https:\/\/websitedesign-entwurf.de\/3\/entwurf4\/wp-json\/wp\/v2\/media?parent=10543"}],"wp:term":[{"taxonomy":"product_brand","embeddable":true,"href":"https:\/\/websitedesign-entwurf.de\/3\/entwurf4\/wp-json\/wp\/v2\/product_brand?post=10543"},{"taxonomy":"product_cat","embeddable":true,"href":"https:\/\/websitedesign-entwurf.de\/3\/entwurf4\/wp-json\/wp\/v2\/product_cat?post=10543"},{"taxonomy":"product_tag","embeddable":true,"href":"https:\/\/websitedesign-entwurf.de\/3\/entwurf4\/wp-json\/wp\/v2\/product_tag?post=10543"}],"curies":[{"name":"wp","href":"https:\/\/api.w.org\/{rel}","templated":true}]}}