{"id":10502,"date":"2025-04-18T06:06:23","date_gmt":"2025-04-18T06:06:23","guid":{"rendered":"https:\/\/websitedesign-entwurf.de\/3\/entwurf4\/?post_type=product&#038;p=10502"},"modified":"2025-12-15T12:25:45","modified_gmt":"2025-12-15T12:25:45","slug":"zero-dekosan-langzeit-lasur","status":"publish","type":"product","link":"https:\/\/websitedesign-entwurf.de\/3\/entwurf4\/produkt\/zero-dekosan-langzeit-lasur\/","title":{"rendered":"ZERO Dekosan Langzeit-Lasur"},"content":{"rendered":"<p>Zero Dekosan Langzeit-Lasur<br \/>\nLichtecht<br \/>\nWetterbest\u00e4ndig<br \/>\nL\u00f6semittelhaltig<\/p>\n<p>Standardfarbt\u00f6ne: 16 Standardfarbt\u00f6ne und farblos, untereinander mischbar. \u00dcber ZERO MiX sind weitere<br \/>\nColor Farbt\u00f6ne mischbar. Unterschiedliche H\u00f6lzer und Aufbringmengen k\u00f6nnen abweichende Farbeffekte ergeben, deshalb empfehlen wir in jedem Fall einen<br \/>\nProbeanstrich am Objekt anzulegen. Farblos nicht alleine im Au\u00dfenbereich verwenden.<\/p>\n<p>Lichtecht mit UV-Blocker. Tropfgehemmt f\u00fcr \u00dcber-Kopf-Streichen. Ideal im System mit Dekosan Impr\u00e4gnier-Lasur HS auf allen ma\u00df- und begrenzt ma\u00dfhaltigen H\u00f6lzern. Auch f\u00fcr innen.<\/p>\n<p>Verpackung<br \/>\n2,5l \/ 0,75l<\/p>\n<p>Verbrauch ca. 70 &#8211; 90 ml\/m\u00b2<\/p>\n","protected":false},"excerpt":{"rendered":"<p>2,5l Kiefer<\/p>\n","protected":false},"featured_media":10015,"comment_status":"open","ping_status":"closed","template":"","meta":[],"product_brand":[],"product_cat":[75],"product_tag":[],"class_list":{"0":"post-10502","1":"product","2":"type-product","3":"status-publish","4":"has-post-thumbnail","6":"product_cat-lacke-und-lasuren","8":"first","9":"instock","10":"taxable","11":"shipping-taxable","12":"purchasable","13":"product-type-simple"},"acf":[],"_links":{"self":[{"href":"https:\/\/websitedesign-entwurf.de\/3\/entwurf4\/wp-json\/wp\/v2\/product\/10502","targetHints":{"allow":["GET"]}}],"collection":[{"href":"https:\/\/websitedesign-entwurf.de\/3\/entwurf4\/wp-json\/wp\/v2\/product"}],"about":[{"href":"https:\/\/websitedesign-entwurf.de\/3\/entwurf4\/wp-json\/wp\/v2\/types\/product"}],"replies":[{"embeddable":true,"href":"https:\/\/websitedesign-entwurf.de\/3\/entwurf4\/wp-json\/wp\/v2\/comments?post=10502"}],"version-history":[{"count":2,"href":"https:\/\/websitedesign-entwurf.de\/3\/entwurf4\/wp-json\/wp\/v2\/product\/10502\/revisions"}],"predecessor-version":[{"id":11601,"href":"https:\/\/websitedesign-entwurf.de\/3\/entwurf4\/wp-json\/wp\/v2\/product\/10502\/revisions\/11601"}],"wp:featuredmedia":[{"embeddable":true,"href":"https:\/\/websitedesign-entwurf.de\/3\/entwurf4\/wp-json\/wp\/v2\/media\/10015"}],"wp:attachment":[{"href":"https:\/\/websitedesign-entwurf.de\/3\/entwurf4\/wp-json\/wp\/v2\/media?parent=10502"}],"wp:term":[{"taxonomy":"product_brand","embeddable":true,"href":"https:\/\/websitedesign-entwurf.de\/3\/entwurf4\/wp-json\/wp\/v2\/product_brand?post=10502"},{"taxonomy":"product_cat","embeddable":true,"href":"https:\/\/websitedesign-entwurf.de\/3\/entwurf4\/wp-json\/wp\/v2\/product_cat?post=10502"},{"taxonomy":"product_tag","embeddable":true,"href":"https:\/\/websitedesign-entwurf.de\/3\/entwurf4\/wp-json\/wp\/v2\/product_tag?post=10502"}],"curies":[{"name":"wp","href":"https:\/\/api.w.org\/{rel}","templated":true}]}}