{"id":10469,"date":"2025-04-18T05:52:37","date_gmt":"2025-04-18T05:52:37","guid":{"rendered":"https:\/\/websitedesign-entwurf.de\/3\/entwurf4\/?post_type=product&#038;p=10469"},"modified":"2025-12-15T12:25:47","modified_gmt":"2025-12-15T12:25:47","slug":"suedwest-isolierfarbe-w","status":"publish","type":"product","link":"https:\/\/websitedesign-entwurf.de\/3\/entwurf4\/produkt\/suedwest-isolierfarbe-w\/","title":{"rendered":"S\u00fcdwest Isolierfarbe W"},"content":{"rendered":"<p>S\u00fcdwest Isolierfarbe W<\/p>\n<p>w\u00e4ssrig, gute Isolierwirkung gegen Nikotinflecken, Ru\u00dfflecken, Ligninflecken und Wasserflecken, hoher Wei\u00dfgrad, gutes Deckverm\u00f6gen, keine Vergilbung, leichtes Entfernen von Verschmutzungen, Nassabriebklasse: 1, Kontrastverh\u00e4ltnis: Klasse 2 bei 7 m\u00b2\/l, maximale Korngr\u00f6\u00dfe: fein<\/p>\n<p>Verpackung<br \/>\n2,5 l, 5 l, 12,5 l<\/p>\n<p>Verbrauch 130 &#8211; 150 ml\/m\u00b2 pro Anstrich, je nach Saugf\u00e4higkeit und Rauhigkeit des Untergrundes kann es zu einem abweichenden Verbrauch kommen.<\/p>\n","protected":false},"excerpt":{"rendered":"<p>2.5l<\/p>\n","protected":false},"featured_media":10115,"comment_status":"open","ping_status":"closed","template":"","meta":[],"product_brand":[],"product_cat":[73],"product_tag":[],"class_list":{"0":"post-10469","1":"product","2":"type-product","3":"status-publish","4":"has-post-thumbnail","6":"product_cat-innenfarbe","8":"first","9":"instock","10":"taxable","11":"shipping-taxable","12":"purchasable","13":"product-type-simple"},"acf":[],"_links":{"self":[{"href":"https:\/\/websitedesign-entwurf.de\/3\/entwurf4\/wp-json\/wp\/v2\/product\/10469","targetHints":{"allow":["GET"]}}],"collection":[{"href":"https:\/\/websitedesign-entwurf.de\/3\/entwurf4\/wp-json\/wp\/v2\/product"}],"about":[{"href":"https:\/\/websitedesign-entwurf.de\/3\/entwurf4\/wp-json\/wp\/v2\/types\/product"}],"replies":[{"embeddable":true,"href":"https:\/\/websitedesign-entwurf.de\/3\/entwurf4\/wp-json\/wp\/v2\/comments?post=10469"}],"version-history":[{"count":2,"href":"https:\/\/websitedesign-entwurf.de\/3\/entwurf4\/wp-json\/wp\/v2\/product\/10469\/revisions"}],"predecessor-version":[{"id":11696,"href":"https:\/\/websitedesign-entwurf.de\/3\/entwurf4\/wp-json\/wp\/v2\/product\/10469\/revisions\/11696"}],"wp:featuredmedia":[{"embeddable":true,"href":"https:\/\/websitedesign-entwurf.de\/3\/entwurf4\/wp-json\/wp\/v2\/media\/10115"}],"wp:attachment":[{"href":"https:\/\/websitedesign-entwurf.de\/3\/entwurf4\/wp-json\/wp\/v2\/media?parent=10469"}],"wp:term":[{"taxonomy":"product_brand","embeddable":true,"href":"https:\/\/websitedesign-entwurf.de\/3\/entwurf4\/wp-json\/wp\/v2\/product_brand?post=10469"},{"taxonomy":"product_cat","embeddable":true,"href":"https:\/\/websitedesign-entwurf.de\/3\/entwurf4\/wp-json\/wp\/v2\/product_cat?post=10469"},{"taxonomy":"product_tag","embeddable":true,"href":"https:\/\/websitedesign-entwurf.de\/3\/entwurf4\/wp-json\/wp\/v2\/product_tag?post=10469"}],"curies":[{"name":"wp","href":"https:\/\/api.w.org\/{rel}","templated":true}]}}