{"id":10461,"date":"2025-04-18T05:49:19","date_gmt":"2025-04-18T05:49:19","guid":{"rendered":"https:\/\/websitedesign-entwurf.de\/3\/entwurf4\/?post_type=product&#038;p=10461"},"modified":"2025-12-15T12:25:29","modified_gmt":"2025-12-15T12:25:29","slug":"bvb-topclean-70l","status":"publish","type":"product","link":"https:\/\/websitedesign-entwurf.de\/3\/entwurf4\/produkt\/bvb-topclean-70l\/","title":{"rendered":"BVB Topclean 70L"},"content":{"rendered":"<p>BVB TopClean ist eine organische Abdeckung, die das Wachstum von Moos und Unkraut auf dem Substrat verhindert. Diese Abdeckung eignet sich hervorragend f\u00fcr den Einsatz in Baumschulen, im Zierpflanzenbau und im Beerenobstbau. BVB TopClean wurde sowohl im Labor als auch in der Praxis bei Z\u00fcchtern ausgiebig getestet.<\/p>\n<p>    Sicher: Ausf\u00fchrlich getestet und v\u00f6llig sicher f\u00fcr die Pflanze<br \/>\n    Feuchtigkeit: Wasserdurchl\u00e4ssig, schnell trocknend, reduziert die Verdunstung des Substrats<br \/>\n    Keine Verschwendung: Die Abdeckung bildet eine feste Deckschicht, die w\u00e4hrend des Transports und bei Wind an ihrer Stelle bleibt<br \/>\n    Anwendbarkeit: Kann sowohl im Topf als auch im Freiland verwendet werden<\/p>\n","protected":false},"excerpt":{"rendered":"<p>BVB TopClean ist eine organische Abdeckung, die das Wachstum von Moos und Unkraut auf dem Substrat verhindert. Diese Abdeckung eignet<\/p>\n","protected":false},"featured_media":12058,"comment_status":"open","ping_status":"closed","template":"","meta":[],"product_brand":[],"product_cat":[83],"product_tag":[],"class_list":{"0":"post-10461","1":"product","2":"type-product","3":"status-publish","4":"has-post-thumbnail","6":"product_cat-garten","8":"first","9":"instock","10":"taxable","11":"shipping-taxable","12":"purchasable","13":"product-type-simple"},"acf":[],"_links":{"self":[{"href":"https:\/\/websitedesign-entwurf.de\/3\/entwurf4\/wp-json\/wp\/v2\/product\/10461","targetHints":{"allow":["GET"]}}],"collection":[{"href":"https:\/\/websitedesign-entwurf.de\/3\/entwurf4\/wp-json\/wp\/v2\/product"}],"about":[{"href":"https:\/\/websitedesign-entwurf.de\/3\/entwurf4\/wp-json\/wp\/v2\/types\/product"}],"replies":[{"embeddable":true,"href":"https:\/\/websitedesign-entwurf.de\/3\/entwurf4\/wp-json\/wp\/v2\/comments?post=10461"}],"version-history":[{"count":2,"href":"https:\/\/websitedesign-entwurf.de\/3\/entwurf4\/wp-json\/wp\/v2\/product\/10461\/revisions"}],"predecessor-version":[{"id":11440,"href":"https:\/\/websitedesign-entwurf.de\/3\/entwurf4\/wp-json\/wp\/v2\/product\/10461\/revisions\/11440"}],"wp:featuredmedia":[{"embeddable":true,"href":"https:\/\/websitedesign-entwurf.de\/3\/entwurf4\/wp-json\/wp\/v2\/media\/12058"}],"wp:attachment":[{"href":"https:\/\/websitedesign-entwurf.de\/3\/entwurf4\/wp-json\/wp\/v2\/media?parent=10461"}],"wp:term":[{"taxonomy":"product_brand","embeddable":true,"href":"https:\/\/websitedesign-entwurf.de\/3\/entwurf4\/wp-json\/wp\/v2\/product_brand?post=10461"},{"taxonomy":"product_cat","embeddable":true,"href":"https:\/\/websitedesign-entwurf.de\/3\/entwurf4\/wp-json\/wp\/v2\/product_cat?post=10461"},{"taxonomy":"product_tag","embeddable":true,"href":"https:\/\/websitedesign-entwurf.de\/3\/entwurf4\/wp-json\/wp\/v2\/product_tag?post=10461"}],"curies":[{"name":"wp","href":"https:\/\/api.w.org\/{rel}","templated":true}]}}