{"id":10344,"date":"2025-04-18T05:34:16","date_gmt":"2025-04-18T05:34:16","guid":{"rendered":"https:\/\/websitedesign-entwurf.de\/3\/entwurf4\/?post_type=product&#038;p=10344"},"modified":"2025-12-15T12:25:47","modified_gmt":"2025-12-15T12:25:47","slug":"suedwest-rapid-spachtel","status":"publish","type":"product","link":"https:\/\/websitedesign-entwurf.de\/3\/entwurf4\/produkt\/suedwest-rapid-spachtel\/","title":{"rendered":"S\u00fcdwest Rapid Spachtel"},"content":{"rendered":"<p>S\u00fcdwest Rapid Spachtel<br \/>\nZementspachtelmasse<\/p>\n<p>schnelle Trocknung, Schleifen bei 4 mm Schichtdicke nach 3 h m\u00f6glich, hervorragende Haftung auf schwierigen Untergr\u00fcnden, z. B. Fliesen, Glas und gl\u00e4nzenden Untergr\u00fcnden, sehr gute Schleifbarkeit, Schichtdicke bis 50 mm in einem Arbeitsgang m\u00f6glich, f\u00fcr Feuchtr\u00e4ume geeignet<\/p>\n<p>Verpackung<br \/>\n5 kg, 15 kg<\/p>\n<p>Verbrauch ca. 1,0 kg\/m\u00b2\/mm Schichtst\u00e4rke, je nach Mischungsverh\u00e4ltnis<\/p>\n","protected":false},"excerpt":{"rendered":"<p>15 kg<\/p>\n","protected":false},"featured_media":10113,"comment_status":"open","ping_status":"closed","template":"","meta":[],"product_brand":[],"product_cat":[77],"product_tag":[],"class_list":{"0":"post-10344","1":"product","2":"type-product","3":"status-publish","4":"has-post-thumbnail","6":"product_cat-trockenbau","8":"first","9":"instock","10":"taxable","11":"shipping-taxable","12":"purchasable","13":"product-type-simple"},"acf":[],"_links":{"self":[{"href":"https:\/\/websitedesign-entwurf.de\/3\/entwurf4\/wp-json\/wp\/v2\/product\/10344","targetHints":{"allow":["GET"]}}],"collection":[{"href":"https:\/\/websitedesign-entwurf.de\/3\/entwurf4\/wp-json\/wp\/v2\/product"}],"about":[{"href":"https:\/\/websitedesign-entwurf.de\/3\/entwurf4\/wp-json\/wp\/v2\/types\/product"}],"replies":[{"embeddable":true,"href":"https:\/\/websitedesign-entwurf.de\/3\/entwurf4\/wp-json\/wp\/v2\/comments?post=10344"}],"version-history":[{"count":3,"href":"https:\/\/websitedesign-entwurf.de\/3\/entwurf4\/wp-json\/wp\/v2\/product\/10344\/revisions"}],"predecessor-version":[{"id":11694,"href":"https:\/\/websitedesign-entwurf.de\/3\/entwurf4\/wp-json\/wp\/v2\/product\/10344\/revisions\/11694"}],"wp:featuredmedia":[{"embeddable":true,"href":"https:\/\/websitedesign-entwurf.de\/3\/entwurf4\/wp-json\/wp\/v2\/media\/10113"}],"wp:attachment":[{"href":"https:\/\/websitedesign-entwurf.de\/3\/entwurf4\/wp-json\/wp\/v2\/media?parent=10344"}],"wp:term":[{"taxonomy":"product_brand","embeddable":true,"href":"https:\/\/websitedesign-entwurf.de\/3\/entwurf4\/wp-json\/wp\/v2\/product_brand?post=10344"},{"taxonomy":"product_cat","embeddable":true,"href":"https:\/\/websitedesign-entwurf.de\/3\/entwurf4\/wp-json\/wp\/v2\/product_cat?post=10344"},{"taxonomy":"product_tag","embeddable":true,"href":"https:\/\/websitedesign-entwurf.de\/3\/entwurf4\/wp-json\/wp\/v2\/product_tag?post=10344"}],"curies":[{"name":"wp","href":"https:\/\/api.w.org\/{rel}","templated":true}]}}