{"id":10325,"date":"2025-04-18T05:26:28","date_gmt":"2025-04-18T05:26:28","guid":{"rendered":"https:\/\/websitedesign-entwurf.de\/3\/entwurf4\/?post_type=product&#038;p=10325"},"modified":"2025-12-15T12:25:01","modified_gmt":"2025-12-15T12:25:01","slug":"25kg-eimer-ca-250-300g-m%c2%b2","status":"publish","type":"product","link":"https:\/\/websitedesign-entwurf.de\/3\/entwurf4\/produkt\/25kg-eimer-ca-250-300g-m%c2%b2\/","title":{"rendered":"SAKRET Putzgrund    wei\u00df"},"content":{"rendered":"<p>ca 60-80 m\u00b2 je nach Untergrund<\/p>\n<p> PG ist eine Acryl-Kunstharz-Dispersion, die als wasserdampfdurchl\u00e4ssiger Haftgrund und Grundierung f\u00fcr d\u00fcnnschichtige Strukturputze auf Beton, mineralischen Putzen, Gipskarton und \u00e4hnlichen Untergr\u00fcnden an der Fassade und in Innenr\u00e4umen eingesetzt wird.<\/p>\n<p>Der Putzgrund ist l\u00f6semittelfrei und nach dem Trocknen diffusionsoffen. Er reguliert das Saugverhalten des Untergrunds und verbessert die Hafteigenschaften.<\/p>\n","protected":false},"excerpt":{"rendered":"<p>25kg\/Eimer ca 250 &#8211; 300g \/ m\u00b2<\/p>\n","protected":false},"featured_media":9892,"comment_status":"open","ping_status":"closed","template":"","meta":[],"product_brand":[],"product_cat":[78],"product_tag":[],"class_list":{"0":"post-10325","1":"product","2":"type-product","3":"status-publish","4":"has-post-thumbnail","6":"product_cat-putze","8":"first","9":"instock","10":"sale","11":"taxable","12":"shipping-taxable","13":"purchasable","14":"product-type-simple"},"acf":[],"_links":{"self":[{"href":"https:\/\/websitedesign-entwurf.de\/3\/entwurf4\/wp-json\/wp\/v2\/product\/10325","targetHints":{"allow":["GET"]}}],"collection":[{"href":"https:\/\/websitedesign-entwurf.de\/3\/entwurf4\/wp-json\/wp\/v2\/product"}],"about":[{"href":"https:\/\/websitedesign-entwurf.de\/3\/entwurf4\/wp-json\/wp\/v2\/types\/product"}],"replies":[{"embeddable":true,"href":"https:\/\/websitedesign-entwurf.de\/3\/entwurf4\/wp-json\/wp\/v2\/comments?post=10325"}],"version-history":[{"count":4,"href":"https:\/\/websitedesign-entwurf.de\/3\/entwurf4\/wp-json\/wp\/v2\/product\/10325\/revisions"}],"predecessor-version":[{"id":11270,"href":"https:\/\/websitedesign-entwurf.de\/3\/entwurf4\/wp-json\/wp\/v2\/product\/10325\/revisions\/11270"}],"wp:featuredmedia":[{"embeddable":true,"href":"https:\/\/websitedesign-entwurf.de\/3\/entwurf4\/wp-json\/wp\/v2\/media\/9892"}],"wp:attachment":[{"href":"https:\/\/websitedesign-entwurf.de\/3\/entwurf4\/wp-json\/wp\/v2\/media?parent=10325"}],"wp:term":[{"taxonomy":"product_brand","embeddable":true,"href":"https:\/\/websitedesign-entwurf.de\/3\/entwurf4\/wp-json\/wp\/v2\/product_brand?post=10325"},{"taxonomy":"product_cat","embeddable":true,"href":"https:\/\/websitedesign-entwurf.de\/3\/entwurf4\/wp-json\/wp\/v2\/product_cat?post=10325"},{"taxonomy":"product_tag","embeddable":true,"href":"https:\/\/websitedesign-entwurf.de\/3\/entwurf4\/wp-json\/wp\/v2\/product_tag?post=10325"}],"curies":[{"name":"wp","href":"https:\/\/api.w.org\/{rel}","templated":true}]}}