{"id":10307,"date":"2025-04-18T05:19:08","date_gmt":"2025-04-18T05:19:08","guid":{"rendered":"https:\/\/websitedesign-entwurf.de\/3\/entwurf4\/?post_type=product&#038;p=10307"},"modified":"2025-10-17T13:25:19","modified_gmt":"2025-10-17T13:25:19","slug":"pufas-fassaden-struktur-acryl-fr3","status":"publish","type":"product","link":"https:\/\/websitedesign-entwurf.de\/3\/entwurf4\/produkt\/pufas-fassaden-struktur-acryl-fr3\/","title":{"rendered":"Pufas Fassaden-Struktur-Acryl FR3"},"content":{"rendered":"<div class=\"ewa-rteLine\">Fassaden Strukturacryl FR3<\/div>\n<div class=\"ewa-rteLine\">Einkomponentiger, wei\u00dfer Dichtstoff mit putz\u00e4hnlicher Struktur auf Acrylbasis<\/div>\n<div class=\"ewa-rteLine\">zum F\u00fcllen von Rissen und Fugen im Innen- und Au\u00dfenbereich. Dauerelastisch, \u00fcberstreichbar und wetterbest\u00e4ndig.<\/div>\n<div class=\"ewa-rteLine\"><\/div>\n<div class=\"ewa-rteLine\">PUFAS Fassaden-Strukturacryl FR3 eignet sich hervorragend zum F\u00fcllen von Anschlussfugen und Rissen zwischen allen mineralischen Untergr\u00fcnden (wie z.B. Beton, Putz und Mauerwerk) sowie Dispersions- und Fassadenfarben, mineralischen und Kunstharzputzen und f\u00fcr strukturierte Anschlussfugen an Fenster, T\u00fcren u. \u00e4. Durch seine leicht k\u00f6rnige Struktur passt sich der Dichtstoff hervorragend an die Putzoptik an. Nach Aush\u00e4rtung ist das Material witterungsbest\u00e4ndig.<\/div>\n<div class=\"ewa-rteLine\"><\/div>\n<div class=\"ewa-rteLine\">Verpackung<\/div>\n<div class=\"ewa-rteLine\">310ml\/Kartusche<\/div>\n","protected":false},"excerpt":{"rendered":"<div class=\"ewa-rteLine\">310ml<\/div>\n","protected":false},"featured_media":10147,"comment_status":"open","ping_status":"closed","template":"","meta":[],"product_brand":[],"product_cat":[74],"product_tag":[],"class_list":{"0":"post-10307","1":"product","2":"type-product","3":"status-publish","4":"has-post-thumbnail","6":"product_cat-fassadenfarbe","8":"first","9":"instock","10":"taxable","11":"shipping-taxable","12":"purchasable","13":"product-type-simple"},"acf":[],"_links":{"self":[{"href":"https:\/\/websitedesign-entwurf.de\/3\/entwurf4\/wp-json\/wp\/v2\/product\/10307","targetHints":{"allow":["GET"]}}],"collection":[{"href":"https:\/\/websitedesign-entwurf.de\/3\/entwurf4\/wp-json\/wp\/v2\/product"}],"about":[{"href":"https:\/\/websitedesign-entwurf.de\/3\/entwurf4\/wp-json\/wp\/v2\/types\/product"}],"replies":[{"embeddable":true,"href":"https:\/\/websitedesign-entwurf.de\/3\/entwurf4\/wp-json\/wp\/v2\/comments?post=10307"}],"version-history":[{"count":1,"href":"https:\/\/websitedesign-entwurf.de\/3\/entwurf4\/wp-json\/wp\/v2\/product\/10307\/revisions"}],"predecessor-version":[{"id":10310,"href":"https:\/\/websitedesign-entwurf.de\/3\/entwurf4\/wp-json\/wp\/v2\/product\/10307\/revisions\/10310"}],"wp:featuredmedia":[{"embeddable":true,"href":"https:\/\/websitedesign-entwurf.de\/3\/entwurf4\/wp-json\/wp\/v2\/media\/10147"}],"wp:attachment":[{"href":"https:\/\/websitedesign-entwurf.de\/3\/entwurf4\/wp-json\/wp\/v2\/media?parent=10307"}],"wp:term":[{"taxonomy":"product_brand","embeddable":true,"href":"https:\/\/websitedesign-entwurf.de\/3\/entwurf4\/wp-json\/wp\/v2\/product_brand?post=10307"},{"taxonomy":"product_cat","embeddable":true,"href":"https:\/\/websitedesign-entwurf.de\/3\/entwurf4\/wp-json\/wp\/v2\/product_cat?post=10307"},{"taxonomy":"product_tag","embeddable":true,"href":"https:\/\/websitedesign-entwurf.de\/3\/entwurf4\/wp-json\/wp\/v2\/product_tag?post=10307"}],"curies":[{"name":"wp","href":"https:\/\/api.w.org\/{rel}","templated":true}]}}