{"id":10302,"date":"2025-04-18T05:15:38","date_gmt":"2025-04-18T05:15:38","guid":{"rendered":"https:\/\/websitedesign-entwurf.de\/3\/entwurf4\/?post_type=product&#038;p=10302"},"modified":"2025-12-15T12:25:48","modified_gmt":"2025-12-15T12:25:48","slug":"pufas-konstruktionskleber-k15","status":"publish","type":"product","link":"https:\/\/websitedesign-entwurf.de\/3\/entwurf4\/produkt\/pufas-konstruktionskleber-k15\/","title":{"rendered":"Pufas Konstruktionskleber K15"},"content":{"rendered":"<p>Konstruktions-Kleber K15 glasklar<\/p>\n<p>PUFAS Konstruktions-Kleber K15 eignet sich hervorragend zum Verkleben von glatten und nicht saugenden Materialien wie z. B. Metall, Spiegel, glasierte Fliesen, PVC, Holz, Glas, Keramik, Polystyrol, Kork, Stein, Putz, lackierte Fl\u00e4chen und viele Kunststoffe. Geeignet f\u00fcr hoch belastbare Verklebungen von Spiegeln, Sockelleisten, Kabelkan\u00e4len, schweren Hartschaum-Profilen etc. Nicht geeignet f\u00fcr die Verklebung von Polyethylen, Polypropylen und Teflon, auf Bitumenuntergr\u00fcnden sowie f\u00fcr Verklebungen bei stehendem oder dr\u00fcckendem Wasser. Nicht als Dichtmaterial (wie Acryl, Silikon u. \u00e4.) einsetzbar. Hierf\u00fcr empfehlen wir PUFAS Acryl Fugendicht A 30 oder PUFAS Silikon Fugendicht S25. <\/p>\n<p>Verpackung<br \/>\n300g\/Kartusche<\/p>\n","protected":false},"excerpt":{"rendered":"<p>300g<\/p>\n","protected":false},"featured_media":10146,"comment_status":"open","ping_status":"closed","template":"","meta":[],"product_brand":[],"product_cat":[86],"product_tag":[],"class_list":{"0":"post-10302","1":"product","2":"type-product","3":"status-publish","4":"has-post-thumbnail","6":"product_cat-chemische-stoffe","8":"first","9":"instock","10":"taxable","11":"shipping-taxable","12":"purchasable","13":"product-type-simple"},"acf":[],"_links":{"self":[{"href":"https:\/\/websitedesign-entwurf.de\/3\/entwurf4\/wp-json\/wp\/v2\/product\/10302","targetHints":{"allow":["GET"]}}],"collection":[{"href":"https:\/\/websitedesign-entwurf.de\/3\/entwurf4\/wp-json\/wp\/v2\/product"}],"about":[{"href":"https:\/\/websitedesign-entwurf.de\/3\/entwurf4\/wp-json\/wp\/v2\/types\/product"}],"replies":[{"embeddable":true,"href":"https:\/\/websitedesign-entwurf.de\/3\/entwurf4\/wp-json\/wp\/v2\/comments?post=10302"}],"version-history":[{"count":2,"href":"https:\/\/websitedesign-entwurf.de\/3\/entwurf4\/wp-json\/wp\/v2\/product\/10302\/revisions"}],"predecessor-version":[{"id":11727,"href":"https:\/\/websitedesign-entwurf.de\/3\/entwurf4\/wp-json\/wp\/v2\/product\/10302\/revisions\/11727"}],"wp:featuredmedia":[{"embeddable":true,"href":"https:\/\/websitedesign-entwurf.de\/3\/entwurf4\/wp-json\/wp\/v2\/media\/10146"}],"wp:attachment":[{"href":"https:\/\/websitedesign-entwurf.de\/3\/entwurf4\/wp-json\/wp\/v2\/media?parent=10302"}],"wp:term":[{"taxonomy":"product_brand","embeddable":true,"href":"https:\/\/websitedesign-entwurf.de\/3\/entwurf4\/wp-json\/wp\/v2\/product_brand?post=10302"},{"taxonomy":"product_cat","embeddable":true,"href":"https:\/\/websitedesign-entwurf.de\/3\/entwurf4\/wp-json\/wp\/v2\/product_cat?post=10302"},{"taxonomy":"product_tag","embeddable":true,"href":"https:\/\/websitedesign-entwurf.de\/3\/entwurf4\/wp-json\/wp\/v2\/product_tag?post=10302"}],"curies":[{"name":"wp","href":"https:\/\/api.w.org\/{rel}","templated":true}]}}