{"id":10290,"date":"2025-04-18T05:09:31","date_gmt":"2025-04-18T05:09:31","guid":{"rendered":"https:\/\/websitedesign-entwurf.de\/3\/entwurf4\/?post_type=product&#038;p=10290"},"modified":"2025-12-15T12:25:01","modified_gmt":"2025-12-15T12:25:01","slug":"sakret-map","status":"publish","type":"product","link":"https:\/\/websitedesign-entwurf.de\/3\/entwurf4\/produkt\/sakret-map\/","title":{"rendered":"SAKRET   MAP  #"},"content":{"rendered":"<p>Pal \/ 42Sack<br \/>\nca 21l\/Sack f\u00fcr ca 1,4m\u00b2 bei 15mm Dicke  <\/p>\n<p>MAP ist ein Kalk-Zement-Putzm\u00f6rtel mit fein gestufter Sieblinie, der als Grundputz bzw. Unterputz an Fassaden und auf Innenw\u00e4nden eingesetzt wird. Geeignete Putzgr\u00fcnde sind z.B. Mauerwerk, rau geschalter saugender Beton oder Putztr\u00e4ger. Der Putz zeigt bei der Verarbeitung ein hohes Standverm\u00f6gen, bindet schwindkompensiert ab und zeichnet sich durch erh\u00f6hte Abriebfestigkeit aus.<\/p>\n<p>Im Au\u00dfenbereich wird er als einlagiger Unterputz f\u00fcr mineralisch oder organisch gebundene Oberputze oder als zweilagiger Unterputz f\u00fcr mineralische Anstriche oder Dispersionsanstriche eingesetzt.<\/p>\n<p>Im Innenbereich findet er ein- oder mehrlagig Verwendung in R\u00e4umen mit normaler oder erh\u00f6hter Beanspruchung (Kellerr\u00e4ume, Treppenh\u00e4user, Feuchtr\u00e4ume, Garagen, Schulen, Kinderg\u00e4rten, \u00f6ffentliche Geb\u00e4ude u. \u00e4.).<\/p>\n","protected":false},"excerpt":{"rendered":"<p>Kalk-Zementputz 30kg\/Sack<\/p>\n","protected":false},"featured_media":9884,"comment_status":"open","ping_status":"closed","template":"","meta":[],"product_brand":[],"product_cat":[78],"product_tag":[],"class_list":{"0":"post-10290","1":"product","2":"type-product","3":"status-publish","4":"has-post-thumbnail","6":"product_cat-putze","8":"first","9":"instock","10":"taxable","11":"shipping-taxable","12":"purchasable","13":"product-type-variable"},"acf":[],"_links":{"self":[{"href":"https:\/\/websitedesign-entwurf.de\/3\/entwurf4\/wp-json\/wp\/v2\/product\/10290","targetHints":{"allow":["GET"]}}],"collection":[{"href":"https:\/\/websitedesign-entwurf.de\/3\/entwurf4\/wp-json\/wp\/v2\/product"}],"about":[{"href":"https:\/\/websitedesign-entwurf.de\/3\/entwurf4\/wp-json\/wp\/v2\/types\/product"}],"replies":[{"embeddable":true,"href":"https:\/\/websitedesign-entwurf.de\/3\/entwurf4\/wp-json\/wp\/v2\/comments?post=10290"}],"version-history":[{"count":3,"href":"https:\/\/websitedesign-entwurf.de\/3\/entwurf4\/wp-json\/wp\/v2\/product\/10290\/revisions"}],"predecessor-version":[{"id":11907,"href":"https:\/\/websitedesign-entwurf.de\/3\/entwurf4\/wp-json\/wp\/v2\/product\/10290\/revisions\/11907"}],"wp:featuredmedia":[{"embeddable":true,"href":"https:\/\/websitedesign-entwurf.de\/3\/entwurf4\/wp-json\/wp\/v2\/media\/9884"}],"wp:attachment":[{"href":"https:\/\/websitedesign-entwurf.de\/3\/entwurf4\/wp-json\/wp\/v2\/media?parent=10290"}],"wp:term":[{"taxonomy":"product_brand","embeddable":true,"href":"https:\/\/websitedesign-entwurf.de\/3\/entwurf4\/wp-json\/wp\/v2\/product_brand?post=10290"},{"taxonomy":"product_cat","embeddable":true,"href":"https:\/\/websitedesign-entwurf.de\/3\/entwurf4\/wp-json\/wp\/v2\/product_cat?post=10290"},{"taxonomy":"product_tag","embeddable":true,"href":"https:\/\/websitedesign-entwurf.de\/3\/entwurf4\/wp-json\/wp\/v2\/product_tag?post=10290"}],"curies":[{"name":"wp","href":"https:\/\/api.w.org\/{rel}","templated":true}]}}