{"id":10289,"date":"2025-04-18T05:06:57","date_gmt":"2025-04-18T05:06:57","guid":{"rendered":"https:\/\/websitedesign-entwurf.de\/3\/entwurf4\/?post_type=product&#038;p=10289"},"modified":"2025-12-15T12:25:01","modified_gmt":"2025-12-15T12:25:01","slug":"sakret-map-m-30kg","status":"publish","type":"product","link":"https:\/\/websitedesign-entwurf.de\/3\/entwurf4\/produkt\/sakret-map-m-30kg\/","title":{"rendered":"SAKRET   MAP  M  30kg   #"},"content":{"rendered":"<p>Unterputz \/ Au\u00dfenputz mit mineral. Leichtzuschlag<br \/>\n 33l =2,2m\u00b2 bei 15mm Putzst\u00e4rke<\/p>\n<p>MAP-M ist ein Putzm\u00f6rtel mit mineralischen Leichtzuschl\u00e4gen, der im Au\u00dfenbereich als Unterputz und im Innenbereich als z.B. gefilzter Wandputz eingesetzt werden kann. Er ist als Untergrund f\u00fcr Oberputze oder keramische Bel\u00e4ge geeignet.<\/p>\n<p>SAKRET Maschinen Leichtputz MAP-M ist spannungsarm und auch auf w\u00e4rmed\u00e4mmendem Mauerwerk einsetzbar. Der Putz ist erh\u00f6ht wasserabweisend.<\/p>\n","protected":false},"excerpt":{"rendered":"<p>Kalk-Zement-Leichtputz   mineralisch<\/p>\n","protected":false},"featured_media":9891,"comment_status":"open","ping_status":"closed","template":"","meta":[],"product_brand":[],"product_cat":[78],"product_tag":[],"class_list":{"0":"post-10289","1":"product","2":"type-product","3":"status-publish","4":"has-post-thumbnail","6":"product_cat-putze","8":"first","9":"instock","10":"sale","11":"taxable","12":"shipping-taxable","13":"purchasable","14":"product-type-simple"},"acf":[],"_links":{"self":[{"href":"https:\/\/websitedesign-entwurf.de\/3\/entwurf4\/wp-json\/wp\/v2\/product\/10289","targetHints":{"allow":["GET"]}}],"collection":[{"href":"https:\/\/websitedesign-entwurf.de\/3\/entwurf4\/wp-json\/wp\/v2\/product"}],"about":[{"href":"https:\/\/websitedesign-entwurf.de\/3\/entwurf4\/wp-json\/wp\/v2\/types\/product"}],"replies":[{"embeddable":true,"href":"https:\/\/websitedesign-entwurf.de\/3\/entwurf4\/wp-json\/wp\/v2\/comments?post=10289"}],"version-history":[{"count":4,"href":"https:\/\/websitedesign-entwurf.de\/3\/entwurf4\/wp-json\/wp\/v2\/product\/10289\/revisions"}],"predecessor-version":[{"id":11269,"href":"https:\/\/websitedesign-entwurf.de\/3\/entwurf4\/wp-json\/wp\/v2\/product\/10289\/revisions\/11269"}],"wp:featuredmedia":[{"embeddable":true,"href":"https:\/\/websitedesign-entwurf.de\/3\/entwurf4\/wp-json\/wp\/v2\/media\/9891"}],"wp:attachment":[{"href":"https:\/\/websitedesign-entwurf.de\/3\/entwurf4\/wp-json\/wp\/v2\/media?parent=10289"}],"wp:term":[{"taxonomy":"product_brand","embeddable":true,"href":"https:\/\/websitedesign-entwurf.de\/3\/entwurf4\/wp-json\/wp\/v2\/product_brand?post=10289"},{"taxonomy":"product_cat","embeddable":true,"href":"https:\/\/websitedesign-entwurf.de\/3\/entwurf4\/wp-json\/wp\/v2\/product_cat?post=10289"},{"taxonomy":"product_tag","embeddable":true,"href":"https:\/\/websitedesign-entwurf.de\/3\/entwurf4\/wp-json\/wp\/v2\/product_tag?post=10289"}],"curies":[{"name":"wp","href":"https:\/\/api.w.org\/{rel}","templated":true}]}}