{"id":10253,"date":"2025-04-18T02:38:41","date_gmt":"2025-04-18T02:38:41","guid":{"rendered":"https:\/\/websitedesign-entwurf.de\/3\/entwurf4\/?post_type=product&#038;p=10253"},"modified":"2025-12-15T12:25:46","modified_gmt":"2025-12-15T12:25:46","slug":"zero-edelholz-profilasur-farblos-2","status":"publish","type":"product","link":"https:\/\/websitedesign-entwurf.de\/3\/entwurf4\/produkt\/zero-edelholz-profilasur-farblos-2\/","title":{"rendered":"ZERO Edelholz Profilasur farblos"},"content":{"rendered":"<p>Zero Profilasur<br \/>\nSeidenmatt<br \/>\nUV-Langzeitschutz<br \/>\nL\u00f6semittelhaltig<\/p>\n<p>Standardfarbt\u00f6ne: 16 Standardfarbt\u00f6ne, farblos und t\u00f6nbar \u00fcber ZERO MiX<\/p>\n<p>Optimal zu verarbeitende Mittelschicht-Lasur. Hoch wasserdampfdurchl\u00e4ssig, f\u00fcr ma\u00dfhaltige und begrenzt ma\u00dfhaltige H\u00f6lzer. Tropfgehemmt. Auch f\u00fcr innen.<\/p>\n<p>Verpackung<br \/>\n2,5l \/ 0,75l<\/p>\n<p>Verbrauch ca. 80 &#8211; 110 ml\/m\u00b2<\/p>\n","protected":false},"excerpt":{"rendered":"<p>750 ml<\/p>\n","protected":false},"featured_media":10057,"comment_status":"open","ping_status":"closed","template":"","meta":[],"product_brand":[],"product_cat":[75],"product_tag":[],"class_list":{"0":"post-10253","1":"product","2":"type-product","3":"status-publish","4":"has-post-thumbnail","6":"product_cat-lacke-und-lasuren","8":"first","9":"instock","10":"taxable","11":"shipping-taxable","12":"purchasable","13":"product-type-simple"},"acf":[],"_links":{"self":[{"href":"https:\/\/websitedesign-entwurf.de\/3\/entwurf4\/wp-json\/wp\/v2\/product\/10253","targetHints":{"allow":["GET"]}}],"collection":[{"href":"https:\/\/websitedesign-entwurf.de\/3\/entwurf4\/wp-json\/wp\/v2\/product"}],"about":[{"href":"https:\/\/websitedesign-entwurf.de\/3\/entwurf4\/wp-json\/wp\/v2\/types\/product"}],"replies":[{"embeddable":true,"href":"https:\/\/websitedesign-entwurf.de\/3\/entwurf4\/wp-json\/wp\/v2\/comments?post=10253"}],"version-history":[{"count":2,"href":"https:\/\/websitedesign-entwurf.de\/3\/entwurf4\/wp-json\/wp\/v2\/product\/10253\/revisions"}],"predecessor-version":[{"id":11638,"href":"https:\/\/websitedesign-entwurf.de\/3\/entwurf4\/wp-json\/wp\/v2\/product\/10253\/revisions\/11638"}],"wp:featuredmedia":[{"embeddable":true,"href":"https:\/\/websitedesign-entwurf.de\/3\/entwurf4\/wp-json\/wp\/v2\/media\/10057"}],"wp:attachment":[{"href":"https:\/\/websitedesign-entwurf.de\/3\/entwurf4\/wp-json\/wp\/v2\/media?parent=10253"}],"wp:term":[{"taxonomy":"product_brand","embeddable":true,"href":"https:\/\/websitedesign-entwurf.de\/3\/entwurf4\/wp-json\/wp\/v2\/product_brand?post=10253"},{"taxonomy":"product_cat","embeddable":true,"href":"https:\/\/websitedesign-entwurf.de\/3\/entwurf4\/wp-json\/wp\/v2\/product_cat?post=10253"},{"taxonomy":"product_tag","embeddable":true,"href":"https:\/\/websitedesign-entwurf.de\/3\/entwurf4\/wp-json\/wp\/v2\/product_tag?post=10253"}],"curies":[{"name":"wp","href":"https:\/\/api.w.org\/{rel}","templated":true}]}}