{"id":10249,"date":"2025-04-18T02:35:17","date_gmt":"2025-04-18T02:35:17","guid":{"rendered":"https:\/\/websitedesign-entwurf.de\/3\/entwurf4\/?post_type=product&#038;p=10249"},"modified":"2025-12-15T12:25:48","modified_gmt":"2025-12-15T12:25:48","slug":"pufamur-super-haftspachtel-sh-45-2","status":"publish","type":"product","link":"https:\/\/websitedesign-entwurf.de\/3\/entwurf4\/produkt\/pufamur-super-haftspachtel-sh-45-2\/","title":{"rendered":"Pufamur Super &#8211; Haftspachtel SH 45"},"content":{"rendered":"<p>pufamur Super-Haftspachtel SH45 premium<br \/>\nkunstharzverg\u00fctet und faser-verst\u00e4rkt<br \/>\nperfekte Haftung<br \/>\nf\u00fcr alle Gipskartonsysteme gem\u00e4\u00df EN 13963<br \/>\nbei spannungsfrei montierten Gipskarton- und Gipsfaserplatten ohne Bewehrungsstreifen anwendbar<br \/>\nauf Null ausziehbar f\u00fcr ansatzfreies Spachteln<br \/>\nVerarbeitungszeit 45 Minuten<br \/>\nBrandverhalten: A1 nach EN 13501-1<br \/>\nCE-konform gem. DIN EN 13963-4B und DIN EN 13279-1 (Gips-Fl\u00e4chenspachtel C7\/20\/2)<\/p>\n<p>Verpackung<br \/>\n25kg \/ 5kg \/ 2kg<\/p>\n<p>Verbrauch ca. 1 kg Pulver f\u00fcr 1 m\u00b2 bei 1 mm Auftragsst\u00e4rke<\/p>\n","protected":false},"excerpt":{"rendered":"<p>5kg<\/p>\n","protected":false},"featured_media":10143,"comment_status":"open","ping_status":"closed","template":"","meta":[],"product_brand":[],"product_cat":[77],"product_tag":[],"class_list":{"0":"post-10249","1":"product","2":"type-product","3":"status-publish","4":"has-post-thumbnail","6":"product_cat-trockenbau","8":"first","9":"instock","10":"taxable","11":"shipping-taxable","12":"purchasable","13":"product-type-simple"},"acf":[],"_links":{"self":[{"href":"https:\/\/websitedesign-entwurf.de\/3\/entwurf4\/wp-json\/wp\/v2\/product\/10249","targetHints":{"allow":["GET"]}}],"collection":[{"href":"https:\/\/websitedesign-entwurf.de\/3\/entwurf4\/wp-json\/wp\/v2\/product"}],"about":[{"href":"https:\/\/websitedesign-entwurf.de\/3\/entwurf4\/wp-json\/wp\/v2\/types\/product"}],"replies":[{"embeddable":true,"href":"https:\/\/websitedesign-entwurf.de\/3\/entwurf4\/wp-json\/wp\/v2\/comments?post=10249"}],"version-history":[{"count":2,"href":"https:\/\/websitedesign-entwurf.de\/3\/entwurf4\/wp-json\/wp\/v2\/product\/10249\/revisions"}],"predecessor-version":[{"id":11724,"href":"https:\/\/websitedesign-entwurf.de\/3\/entwurf4\/wp-json\/wp\/v2\/product\/10249\/revisions\/11724"}],"wp:featuredmedia":[{"embeddable":true,"href":"https:\/\/websitedesign-entwurf.de\/3\/entwurf4\/wp-json\/wp\/v2\/media\/10143"}],"wp:attachment":[{"href":"https:\/\/websitedesign-entwurf.de\/3\/entwurf4\/wp-json\/wp\/v2\/media?parent=10249"}],"wp:term":[{"taxonomy":"product_brand","embeddable":true,"href":"https:\/\/websitedesign-entwurf.de\/3\/entwurf4\/wp-json\/wp\/v2\/product_brand?post=10249"},{"taxonomy":"product_cat","embeddable":true,"href":"https:\/\/websitedesign-entwurf.de\/3\/entwurf4\/wp-json\/wp\/v2\/product_cat?post=10249"},{"taxonomy":"product_tag","embeddable":true,"href":"https:\/\/websitedesign-entwurf.de\/3\/entwurf4\/wp-json\/wp\/v2\/product_tag?post=10249"}],"curies":[{"name":"wp","href":"https:\/\/api.w.org\/{rel}","templated":true}]}}