{"id":10247,"date":"2025-04-18T02:33:18","date_gmt":"2025-04-18T02:33:18","guid":{"rendered":"https:\/\/websitedesign-entwurf.de\/3\/entwurf4\/?post_type=product&#038;p=10247"},"modified":"2025-12-15T12:25:48","modified_gmt":"2025-12-15T12:25:48","slug":"pufamur-fassadenspachtel-fs30-2","status":"publish","type":"product","link":"https:\/\/websitedesign-entwurf.de\/3\/entwurf4\/produkt\/pufamur-fassadenspachtel-fs30-2\/","title":{"rendered":"Pufamur Fassadenspachtel FS30"},"content":{"rendered":"<p>pufamur Fassaden-Spachtel FS30<br \/>\nWitterungsbest\u00e4ndige, kunstharzverg\u00fctete Zementspachtelmasse f\u00fcr innen und<br \/>\nau\u00dfen.<\/p>\n<p>pufamur au\u00dfen Fassaden-Spachtel FS 30 eignet sich hervorragend zum Ausbessern,<br \/>\nGl\u00e4tten, Nivellieren und Beschichten von allen mineralischen Untergr\u00fcnden wie z.B. Kalk-,<br \/>\nZement- und Gipsputz, Beton, Porenbeton, Ziegel usw. Die gespachtelten Fl\u00e4chen sind<br \/>\nleicht abzugl\u00e4tten und filzbar.<br \/>\nNicht geeignet zum Ausgleichen von Fu\u00dfb\u00f6den und f\u00fcr Spachtelarbeiten auf Holz, Metall,<br \/>\nKunststoff, Glas und Dispersionsfarbenanstrichen. <\/p>\n<p>Verpackung<br \/>\n25kg \/ 5kg<\/p>\n<p>Verbrauch ca. 1,2 kg Pulver auf 1 m\u00b2 bei 1 mm Auftragsst\u00e4rke<\/p>\n","protected":false},"excerpt":{"rendered":"<p>25kg<\/p>\n","protected":false},"featured_media":10142,"comment_status":"open","ping_status":"closed","template":"","meta":[],"product_brand":[],"product_cat":[74],"product_tag":[],"class_list":{"0":"post-10247","1":"product","2":"type-product","3":"status-publish","4":"has-post-thumbnail","6":"product_cat-fassadenfarbe","8":"first","9":"instock","10":"taxable","11":"shipping-taxable","12":"purchasable","13":"product-type-simple"},"acf":[],"_links":{"self":[{"href":"https:\/\/websitedesign-entwurf.de\/3\/entwurf4\/wp-json\/wp\/v2\/product\/10247","targetHints":{"allow":["GET"]}}],"collection":[{"href":"https:\/\/websitedesign-entwurf.de\/3\/entwurf4\/wp-json\/wp\/v2\/product"}],"about":[{"href":"https:\/\/websitedesign-entwurf.de\/3\/entwurf4\/wp-json\/wp\/v2\/types\/product"}],"replies":[{"embeddable":true,"href":"https:\/\/websitedesign-entwurf.de\/3\/entwurf4\/wp-json\/wp\/v2\/comments?post=10247"}],"version-history":[{"count":2,"href":"https:\/\/websitedesign-entwurf.de\/3\/entwurf4\/wp-json\/wp\/v2\/product\/10247\/revisions"}],"predecessor-version":[{"id":11723,"href":"https:\/\/websitedesign-entwurf.de\/3\/entwurf4\/wp-json\/wp\/v2\/product\/10247\/revisions\/11723"}],"wp:featuredmedia":[{"embeddable":true,"href":"https:\/\/websitedesign-entwurf.de\/3\/entwurf4\/wp-json\/wp\/v2\/media\/10142"}],"wp:attachment":[{"href":"https:\/\/websitedesign-entwurf.de\/3\/entwurf4\/wp-json\/wp\/v2\/media?parent=10247"}],"wp:term":[{"taxonomy":"product_brand","embeddable":true,"href":"https:\/\/websitedesign-entwurf.de\/3\/entwurf4\/wp-json\/wp\/v2\/product_brand?post=10247"},{"taxonomy":"product_cat","embeddable":true,"href":"https:\/\/websitedesign-entwurf.de\/3\/entwurf4\/wp-json\/wp\/v2\/product_cat?post=10247"},{"taxonomy":"product_tag","embeddable":true,"href":"https:\/\/websitedesign-entwurf.de\/3\/entwurf4\/wp-json\/wp\/v2\/product_tag?post=10247"}],"curies":[{"name":"wp","href":"https:\/\/api.w.org\/{rel}","templated":true}]}}