{"id":10214,"date":"2025-04-18T02:04:23","date_gmt":"2025-04-18T02:04:23","guid":{"rendered":"https:\/\/websitedesign-entwurf.de\/3\/entwurf4\/?post_type=product&#038;p=10214"},"modified":"2025-12-15T12:25:47","modified_gmt":"2025-12-15T12:25:47","slug":"suedwest-flaechen-lasur-0901-2","status":"publish","type":"product","link":"https:\/\/websitedesign-entwurf.de\/3\/entwurf4\/produkt\/suedwest-flaechen-lasur-0901-2\/","title":{"rendered":"S\u00fcdwest Fl\u00e4chen &#8211; Lasur 0901"},"content":{"rendered":"<p>S\u00fcdwest Fl\u00e4chen-Lasur<br \/>\nMittelschichtige Holzlasur<\/p>\n<p>Standardt\u00f6ne: Farblos \/ Esche \/ Eiche Hell \/ Eiche \/<br \/>\nKiefer \/ Altkiefer \/ Mahagoni \/ Teak \/ Nussbaum \/<br \/>\nPalisander \/ Ebenholz \/ Wei\u00df<\/p>\n<p>tropfgehemmt, hohe Wetterbest\u00e4ndigkeit, sehr guter UV-Schutz<\/p>\n<p>Verpackung<br \/>\n750 ml \/ 2,5 l<\/p>\n<p>Verbrauch 80 \u2013 100 ml\/m\u00b2<\/p>\n","protected":false},"excerpt":{"rendered":"<p>2,5l Farblos<\/p>\n","protected":false},"featured_media":10102,"comment_status":"open","ping_status":"closed","template":"","meta":[],"product_brand":[],"product_cat":[75],"product_tag":[],"class_list":{"0":"post-10214","1":"product","2":"type-product","3":"status-publish","4":"has-post-thumbnail","6":"product_cat-lacke-und-lasuren","8":"first","9":"instock","10":"taxable","11":"shipping-taxable","12":"product-type-simple"},"acf":[],"_links":{"self":[{"href":"https:\/\/websitedesign-entwurf.de\/3\/entwurf4\/wp-json\/wp\/v2\/product\/10214","targetHints":{"allow":["GET"]}}],"collection":[{"href":"https:\/\/websitedesign-entwurf.de\/3\/entwurf4\/wp-json\/wp\/v2\/product"}],"about":[{"href":"https:\/\/websitedesign-entwurf.de\/3\/entwurf4\/wp-json\/wp\/v2\/types\/product"}],"replies":[{"embeddable":true,"href":"https:\/\/websitedesign-entwurf.de\/3\/entwurf4\/wp-json\/wp\/v2\/comments?post=10214"}],"version-history":[{"count":2,"href":"https:\/\/websitedesign-entwurf.de\/3\/entwurf4\/wp-json\/wp\/v2\/product\/10214\/revisions"}],"predecessor-version":[{"id":11683,"href":"https:\/\/websitedesign-entwurf.de\/3\/entwurf4\/wp-json\/wp\/v2\/product\/10214\/revisions\/11683"}],"wp:featuredmedia":[{"embeddable":true,"href":"https:\/\/websitedesign-entwurf.de\/3\/entwurf4\/wp-json\/wp\/v2\/media\/10102"}],"wp:attachment":[{"href":"https:\/\/websitedesign-entwurf.de\/3\/entwurf4\/wp-json\/wp\/v2\/media?parent=10214"}],"wp:term":[{"taxonomy":"product_brand","embeddable":true,"href":"https:\/\/websitedesign-entwurf.de\/3\/entwurf4\/wp-json\/wp\/v2\/product_brand?post=10214"},{"taxonomy":"product_cat","embeddable":true,"href":"https:\/\/websitedesign-entwurf.de\/3\/entwurf4\/wp-json\/wp\/v2\/product_cat?post=10214"},{"taxonomy":"product_tag","embeddable":true,"href":"https:\/\/websitedesign-entwurf.de\/3\/entwurf4\/wp-json\/wp\/v2\/product_tag?post=10214"}],"curies":[{"name":"wp","href":"https:\/\/api.w.org\/{rel}","templated":true}]}}