{"id":10202,"date":"2025-04-18T01:52:10","date_gmt":"2025-04-18T01:52:10","guid":{"rendered":"https:\/\/websitedesign-entwurf.de\/3\/entwurf4\/?post_type=product&#038;p=10202"},"modified":"2025-12-15T12:25:46","modified_gmt":"2025-12-15T12:25:46","slug":"zero-select-decke-wand-lf","status":"publish","type":"product","link":"https:\/\/websitedesign-entwurf.de\/3\/entwurf4\/produkt\/zero-select-decke-wand-lf\/","title":{"rendered":"ZERO Select Decke + Wand LF"},"content":{"rendered":"<p>Select Decke + Wand<\/p>\n<p>    Gut deckend<br \/>\n    Leichte Verarbeitung<br \/>\n    Stumpfmatt<\/p>\n<p>L\u00f6semittel- und weichmacherfreie Wand- und Deckenbeschichtung. Ideal f\u00fcr den Objektbereich. Ansatzfrei zu verarbeiten. Diffusionsf\u00e4hig. Frei von foggingaktiven Substanzen. Unbedenkliche Verwendung in R\u00e4umen, in denen Lebensmittel hergestellt bzw. behandelt werden.<br \/>\nVerpackung<br \/>\n40 kg 12,5 l 10 l 5 l 2,5 l<br \/>\nVerbrauch<\/p>\n<p>ca. 150 ml\/m\u00b2<\/p>\n","protected":false},"excerpt":{"rendered":"<p>5l<\/p>\n","protected":false},"featured_media":10053,"comment_status":"open","ping_status":"closed","template":"","meta":[],"product_brand":[],"product_cat":[73],"product_tag":[],"class_list":{"0":"post-10202","1":"product","2":"type-product","3":"status-publish","4":"has-post-thumbnail","6":"product_cat-innenfarbe","8":"first","9":"instock","10":"taxable","11":"shipping-taxable","12":"purchasable","13":"product-type-simple"},"acf":[],"_links":{"self":[{"href":"https:\/\/websitedesign-entwurf.de\/3\/entwurf4\/wp-json\/wp\/v2\/product\/10202","targetHints":{"allow":["GET"]}}],"collection":[{"href":"https:\/\/websitedesign-entwurf.de\/3\/entwurf4\/wp-json\/wp\/v2\/product"}],"about":[{"href":"https:\/\/websitedesign-entwurf.de\/3\/entwurf4\/wp-json\/wp\/v2\/types\/product"}],"replies":[{"embeddable":true,"href":"https:\/\/websitedesign-entwurf.de\/3\/entwurf4\/wp-json\/wp\/v2\/comments?post=10202"}],"version-history":[{"count":2,"href":"https:\/\/websitedesign-entwurf.de\/3\/entwurf4\/wp-json\/wp\/v2\/product\/10202\/revisions"}],"predecessor-version":[{"id":11634,"href":"https:\/\/websitedesign-entwurf.de\/3\/entwurf4\/wp-json\/wp\/v2\/product\/10202\/revisions\/11634"}],"wp:featuredmedia":[{"embeddable":true,"href":"https:\/\/websitedesign-entwurf.de\/3\/entwurf4\/wp-json\/wp\/v2\/media\/10053"}],"wp:attachment":[{"href":"https:\/\/websitedesign-entwurf.de\/3\/entwurf4\/wp-json\/wp\/v2\/media?parent=10202"}],"wp:term":[{"taxonomy":"product_brand","embeddable":true,"href":"https:\/\/websitedesign-entwurf.de\/3\/entwurf4\/wp-json\/wp\/v2\/product_brand?post=10202"},{"taxonomy":"product_cat","embeddable":true,"href":"https:\/\/websitedesign-entwurf.de\/3\/entwurf4\/wp-json\/wp\/v2\/product_cat?post=10202"},{"taxonomy":"product_tag","embeddable":true,"href":"https:\/\/websitedesign-entwurf.de\/3\/entwurf4\/wp-json\/wp\/v2\/product_tag?post=10202"}],"curies":[{"name":"wp","href":"https:\/\/api.w.org\/{rel}","templated":true}]}}