{"id":10194,"date":"2025-04-18T01:44:10","date_gmt":"2025-04-18T01:44:10","guid":{"rendered":"https:\/\/websitedesign-entwurf.de\/3\/entwurf4\/?post_type=product&#038;p=10194"},"modified":"2025-12-15T12:25:47","modified_gmt":"2025-12-15T12:25:47","slug":"suedwest-silikat-fassadenfarbe","status":"publish","type":"product","link":"https:\/\/websitedesign-entwurf.de\/3\/entwurf4\/produkt\/suedwest-silikat-fassadenfarbe\/","title":{"rendered":"S\u00fcdwest Silikat- Fassadenfarbe"},"content":{"rendered":"<p>S\u00fcdwest Silikat Fassadenfarbe<\/p>\n<p>feuchtigkeitsregulierend, verarbeitungsfertig, hohe Wasserabweisung, hohe CO2- und Wasserdampfdurchl\u00e4ssigkeit, gute Wetterbest\u00e4ndigkeit, strukturerhaltend, Wasserdurchl\u00e4ssigkeitsrate: w = 0,1 kg\/m\u00b2h0,5, Wasserdampfdiffusion: sd < 0,1 m\n\nVerpackung\n5 l, 12,5 l\n\nVerbrauch ca. 150 - 200 ml\/m\u00b2 pro \nAnstrich, je nach Untergrundstruktur\n<\/p>\n","protected":false},"excerpt":{"rendered":"<p>5l 9110 wei\u00df<\/p>\n","protected":false},"featured_media":10095,"comment_status":"open","ping_status":"closed","template":"","meta":[],"product_brand":[],"product_cat":[74],"product_tag":[],"class_list":{"0":"post-10194","1":"product","2":"type-product","3":"status-publish","4":"has-post-thumbnail","6":"product_cat-fassadenfarbe","8":"first","9":"instock","10":"taxable","11":"shipping-taxable","12":"purchasable","13":"product-type-simple"},"acf":[],"_links":{"self":[{"href":"https:\/\/websitedesign-entwurf.de\/3\/entwurf4\/wp-json\/wp\/v2\/product\/10194","targetHints":{"allow":["GET"]}}],"collection":[{"href":"https:\/\/websitedesign-entwurf.de\/3\/entwurf4\/wp-json\/wp\/v2\/product"}],"about":[{"href":"https:\/\/websitedesign-entwurf.de\/3\/entwurf4\/wp-json\/wp\/v2\/types\/product"}],"replies":[{"embeddable":true,"href":"https:\/\/websitedesign-entwurf.de\/3\/entwurf4\/wp-json\/wp\/v2\/comments?post=10194"}],"version-history":[{"count":2,"href":"https:\/\/websitedesign-entwurf.de\/3\/entwurf4\/wp-json\/wp\/v2\/product\/10194\/revisions"}],"predecessor-version":[{"id":11676,"href":"https:\/\/websitedesign-entwurf.de\/3\/entwurf4\/wp-json\/wp\/v2\/product\/10194\/revisions\/11676"}],"wp:featuredmedia":[{"embeddable":true,"href":"https:\/\/websitedesign-entwurf.de\/3\/entwurf4\/wp-json\/wp\/v2\/media\/10095"}],"wp:attachment":[{"href":"https:\/\/websitedesign-entwurf.de\/3\/entwurf4\/wp-json\/wp\/v2\/media?parent=10194"}],"wp:term":[{"taxonomy":"product_brand","embeddable":true,"href":"https:\/\/websitedesign-entwurf.de\/3\/entwurf4\/wp-json\/wp\/v2\/product_brand?post=10194"},{"taxonomy":"product_cat","embeddable":true,"href":"https:\/\/websitedesign-entwurf.de\/3\/entwurf4\/wp-json\/wp\/v2\/product_cat?post=10194"},{"taxonomy":"product_tag","embeddable":true,"href":"https:\/\/websitedesign-entwurf.de\/3\/entwurf4\/wp-json\/wp\/v2\/product_tag?post=10194"}],"curies":[{"name":"wp","href":"https:\/\/api.w.org\/{rel}","templated":true}]}}