{"id":8778,"date":"2024-09-24T17:07:00","date_gmt":"2024-09-24T17:07:00","guid":{"rendered":"https:\/\/websitedesign-entwurf.de\/3\/entwurf4\/?page_id=8778"},"modified":"2025-12-15T12:58:11","modified_gmt":"2025-12-15T12:58:11","slug":"uber-uns","status":"publish","type":"page","link":"https:\/\/websitedesign-entwurf.de\/3\/entwurf4\/uber-uns\/","title":{"rendered":"\u00dcBER UNS"},"content":{"rendered":"\t\t<div data-elementor-type=\"wp-page\" data-elementor-id=\"8778\" class=\"elementor elementor-8778\" data-elementor-post-type=\"page\">\n\t\t\t\t<div class=\"elementor-element elementor-element-29174a5 e-flex e-con-boxed e-con e-parent\" data-id=\"29174a5\" data-element_type=\"container\">\n\t\t\t\t\t<div class=\"e-con-inner\">\n\t\t<div class=\"elementor-element elementor-element-57f766a e-con-full e-flex e-con e-child\" data-id=\"57f766a\" data-element_type=\"container\">\n\t\t\t\t<div class=\"elementor-element elementor-element-f31f7ab elementor-widget elementor-widget-image\" data-id=\"f31f7ab\" data-element_type=\"widget\" data-widget_type=\"image.default\">\n\t\t\t\t<div class=\"elementor-widget-container\">\n\t\t\t\t\t\t\t\t\t\t\t\t\t<img fetchpriority=\"high\" decoding=\"async\" width=\"650\" height=\"487\" src=\"https:\/\/websitedesign-entwurf.de\/3\/entwurf4\/wp-content\/uploads\/2025\/12\/1377.jpg\" class=\"attachment-large size-large wp-image-12068\" alt=\"\" srcset=\"https:\/\/websitedesign-entwurf.de\/3\/entwurf4\/wp-content\/uploads\/2025\/12\/1377.jpg 650w, https:\/\/websitedesign-entwurf.de\/3\/entwurf4\/wp-content\/uploads\/2025\/12\/1377-400x300.jpg 400w, https:\/\/websitedesign-entwurf.de\/3\/entwurf4\/wp-content\/uploads\/2025\/12\/1377-430x322.jpg 430w, https:\/\/websitedesign-entwurf.de\/3\/entwurf4\/wp-content\/uploads\/2025\/12\/1377-100x75.jpg 100w\" sizes=\"(max-width: 650px) 100vw, 650px\" \/>\t\t\t\t\t\t\t\t\t\t\t\t\t<\/div>\n\t\t\t\t<\/div>\n\t\t\t\t<div class=\"elementor-element elementor-element-05e77d1 elementor-widget elementor-widget-image\" data-id=\"05e77d1\" data-element_type=\"widget\" data-widget_type=\"image.default\">\n\t\t\t\t<div class=\"elementor-widget-container\">\n\t\t\t\t\t\t\t\t\t\t\t\t\t<img decoding=\"async\" width=\"596\" height=\"438\" src=\"https:\/\/websitedesign-entwurf.de\/3\/entwurf4\/wp-content\/uploads\/2025\/12\/ELGBaugoerlitz.jpg\" class=\"attachment-large size-large wp-image-12069\" alt=\"\" srcset=\"https:\/\/websitedesign-entwurf.de\/3\/entwurf4\/wp-content\/uploads\/2025\/12\/ELGBaugoerlitz.jpg 596w, https:\/\/websitedesign-entwurf.de\/3\/entwurf4\/wp-content\/uploads\/2025\/12\/ELGBaugoerlitz-400x294.jpg 400w, https:\/\/websitedesign-entwurf.de\/3\/entwurf4\/wp-content\/uploads\/2025\/12\/ELGBaugoerlitz-430x316.jpg 430w, https:\/\/websitedesign-entwurf.de\/3\/entwurf4\/wp-content\/uploads\/2025\/12\/ELGBaugoerlitz-100x73.jpg 100w\" sizes=\"(max-width: 596px) 100vw, 596px\" \/>\t\t\t\t\t\t\t\t\t\t\t\t\t<\/div>\n\t\t\t\t<\/div>\n\t\t\t\t<\/div>\n\t\t<div class=\"elementor-element elementor-element-0be3b50 e-con-full e-flex e-con e-child\" data-id=\"0be3b50\" data-element_type=\"container\">\n\t\t\t\t<div class=\"elementor-element elementor-element-17c9125 elementor-widget elementor-widget-heading\" data-id=\"17c9125\" data-element_type=\"widget\" data-widget_type=\"heading.default\">\n\t\t\t\t<div class=\"elementor-widget-container\">\n\t\t\t<h1 class=\"elementor-heading-title elementor-size-default\">ELG <span style=\"color:#00539E\">BAU<\/span>\n<\/h1>\t\t<\/div>\n\t\t\t\t<\/div>\n\t\t\t\t<div class=\"elementor-element elementor-element-94aeca5 elementor-widget elementor-widget-heading\" data-id=\"94aeca5\" data-element_type=\"widget\" data-widget_type=\"heading.default\">\n\t\t\t\t<div class=\"elementor-widget-container\">\n\t\t\t<h2 class=\"elementor-heading-title elementor-size-default\">Ihr Partner f\u00fcr Baumaterial und Malerbedarf seit 1950<\/h2>\t\t<\/div>\n\t\t\t\t<\/div>\n\t\t\t\t<div class=\"elementor-element elementor-element-a683c0e color-scheme-inherit text-left elementor-widget elementor-widget-text-editor\" data-id=\"a683c0e\" data-element_type=\"widget\" data-widget_type=\"text-editor.default\">\n\t\t\t\t<div class=\"elementor-widget-container\">\n\t\t\t\t\t\t\t<p>Seit \u00fcber 70 Jahren steht ELG Bau f\u00fcr Qualit\u00e4t, Fachkompetenz und Kundenn\u00e4he. Gegr\u00fcndet im Jahr 1950 von privaten Handwerkern, haben wir uns als verl\u00e4sslicher Partner f\u00fcr Baustoffe und Malerzubeh\u00f6r etabliert. Mit zwei Standorten und einem erfahrenen Team von 14 Mitarbeitern bieten wir ma\u00dfgeschneiderte L\u00f6sungen f\u00fcr Bauprojekte jeder Gr\u00f6\u00dfe an.<\/p><p>Unsere Kunden profitieren von unserer Mitgliedschaft in der BAUVISTA-Kooperation, die uns Zugang zu innovativen und hochwertigen Produkten verschafft. Wir sind au\u00dferdem Mitglied im Genossenschaftsverband, der Industrie- und Handelskammer und der BG Handel und Warenlogistik, was unsere fachliche Expertise und unser Engagement f\u00fcr h\u00f6chste Qualit\u00e4tsstandards unterstreicht.<\/p>\t\t\t\t\t\t<\/div>\n\t\t\t\t<\/div>\n\t\t\t\t<div class=\"elementor-element elementor-element-7ecc7c1 color-scheme-inherit text-left elementor-widget elementor-widget-text-editor\" data-id=\"7ecc7c1\" data-element_type=\"widget\" data-widget_type=\"text-editor.default\">\n\t\t\t\t<div class=\"elementor-widget-container\">\n\t\t\t\t\t\t\t<p>Unser Erfolgsrezept liegt in der Kombination aus Tradition und Innovation. Neben einer umfassenden Auswahl an Baumaterialien und Malerbedarf legen wir gro\u00dfen Wert auf pers\u00f6nliche Beratung und den direkten Kontakt zu unseren Kunden. Denn nur durch Kundenn\u00e4he und das Verst\u00e4ndnis individueller Bed\u00fcrfnisse k\u00f6nnen wir die besten L\u00f6sungen anbieten.<\/p><p>Bei ELG Bau stehen Fachkompetenz und Produktqualit\u00e4t an erster Stelle \u2013 seit 1950 Ihr Partner vor Ort f\u00fcr erfolgreiches Bauen und Renovieren.<\/p>\t\t\t\t\t\t<\/div>\n\t\t\t\t<\/div>\n\t\t\t\t<\/div>\n\t\t\t\t\t<\/div>\n\t\t\t\t<\/div>\n\t\t\t\t<\/div>\n\t\t","protected":false},"excerpt":{"rendered":"<p>ELG BAU Ihr Partner f\u00fcr Baumaterial und Malerbedarf seit 1950 Seit \u00fcber 70 Jahren steht ELG Bau f\u00fcr Qualit\u00e4t, Fachkompetenz<\/p>\n","protected":false},"author":1,"featured_media":0,"parent":0,"menu_order":0,"comment_status":"closed","ping_status":"closed","template":"","meta":{"footnotes":""},"class_list":["post-8778","page","type-page","status-publish","hentry"],"acf":[],"_links":{"self":[{"href":"https:\/\/websitedesign-entwurf.de\/3\/entwurf4\/wp-json\/wp\/v2\/pages\/8778","targetHints":{"allow":["GET"]}}],"collection":[{"href":"https:\/\/websitedesign-entwurf.de\/3\/entwurf4\/wp-json\/wp\/v2\/pages"}],"about":[{"href":"https:\/\/websitedesign-entwurf.de\/3\/entwurf4\/wp-json\/wp\/v2\/types\/page"}],"author":[{"embeddable":true,"href":"https:\/\/websitedesign-entwurf.de\/3\/entwurf4\/wp-json\/wp\/v2\/users\/1"}],"replies":[{"embeddable":true,"href":"https:\/\/websitedesign-entwurf.de\/3\/entwurf4\/wp-json\/wp\/v2\/comments?post=8778"}],"version-history":[{"count":32,"href":"https:\/\/websitedesign-entwurf.de\/3\/entwurf4\/wp-json\/wp\/v2\/pages\/8778\/revisions"}],"predecessor-version":[{"id":12087,"href":"https:\/\/websitedesign-entwurf.de\/3\/entwurf4\/wp-json\/wp\/v2\/pages\/8778\/revisions\/12087"}],"wp:attachment":[{"href":"https:\/\/websitedesign-entwurf.de\/3\/entwurf4\/wp-json\/wp\/v2\/media?parent=8778"}],"curies":[{"name":"wp","href":"https:\/\/api.w.org\/{rel}","templated":true}]}}