{"id":8753,"date":"2024-09-24T17:01:01","date_gmt":"2024-09-24T17:01:01","guid":{"rendered":"https:\/\/websitedesign-entwurf.de\/3\/entwurf4\/?page_id=8753"},"modified":"2024-09-28T10:46:17","modified_gmt":"2024-09-28T10:46:17","slug":"dienstleistungen","status":"publish","type":"page","link":"https:\/\/websitedesign-entwurf.de\/3\/entwurf4\/dienstleistungen\/","title":{"rendered":"Dienstleistungen"},"content":{"rendered":"\t\t<div data-elementor-type=\"wp-page\" data-elementor-id=\"8753\" class=\"elementor elementor-8753\" data-elementor-post-type=\"page\">\n\t\t\t\t<div class=\"elementor-element elementor-element-9b40d5c e-flex e-con-boxed e-con e-parent\" data-id=\"9b40d5c\" data-element_type=\"container\">\n\t\t\t\t\t<div class=\"e-con-inner\">\n\t\t<div class=\"elementor-element elementor-element-7e5d3b5 e-con-full e-flex e-con e-child\" data-id=\"7e5d3b5\" data-element_type=\"container\">\n\t\t<div class=\"elementor-element elementor-element-0465402 e-grid e-con-full e-con e-child\" data-id=\"0465402\" data-element_type=\"container\" data-settings=\"{&quot;background_background&quot;:&quot;classic&quot;}\">\n\t\t\t\t<div class=\"elementor-element elementor-element-b0faecc elementor-widget elementor-widget-image\" data-id=\"b0faecc\" data-element_type=\"widget\" data-widget_type=\"image.default\">\n\t\t\t\t<div class=\"elementor-widget-container\">\n\t\t\t\t\t\t\t\t\t\t\t\t\t<img fetchpriority=\"high\" decoding=\"async\" width=\"650\" height=\"487\" src=\"https:\/\/websitedesign-entwurf.de\/3\/entwurf4\/wp-content\/uploads\/2024\/09\/1377.jpg\" class=\"attachment-full size-full wp-image-8755\" alt=\"\" srcset=\"https:\/\/websitedesign-entwurf.de\/3\/entwurf4\/wp-content\/uploads\/2024\/09\/1377.jpg 650w, https:\/\/websitedesign-entwurf.de\/3\/entwurf4\/wp-content\/uploads\/2024\/09\/1377-430x322.jpg 430w, https:\/\/websitedesign-entwurf.de\/3\/entwurf4\/wp-content\/uploads\/2024\/09\/1377-100x75.jpg 100w, https:\/\/websitedesign-entwurf.de\/3\/entwurf4\/wp-content\/uploads\/2024\/09\/1377-400x300.jpg 400w\" sizes=\"(max-width: 650px) 100vw, 650px\" \/>\t\t\t\t\t\t\t\t\t\t\t\t\t<\/div>\n\t\t\t\t<\/div>\n\t\t\t\t<div class=\"elementor-element elementor-element-fb2eb8d elementor-position-top elementor-widget elementor-widget-image-box\" data-id=\"fb2eb8d\" data-element_type=\"widget\" data-widget_type=\"image-box.default\">\n\t\t\t\t<div class=\"elementor-widget-container\">\n\t\t\t<div class=\"elementor-image-box-wrapper\"><figure class=\"elementor-image-box-img\"><img decoding=\"async\" width=\"80\" height=\"87\" src=\"https:\/\/websitedesign-entwurf.de\/3\/entwurf4\/wp-content\/uploads\/2024\/09\/278.png\" class=\"attachment-full size-full wp-image-8756\" alt=\"\" \/><\/figure><div class=\"elementor-image-box-content\"><h3 class=\"elementor-image-box-title\">Ist Ihr Auto zu klein?<\/h3><p class=\"elementor-image-box-description\">Gegen einen geringen Aufpreis liefern wir Ihnenunsere Produkte auch bis nach Hauseoder zu ihrem Bauprojekt.<br>Fragen Sie unser Verkaufspersonal.<\/p><\/div><\/div>\t\t<\/div>\n\t\t\t\t<\/div>\n\t\t\t\t<\/div>\n\t\t<div class=\"elementor-element elementor-element-e64121f e-grid e-con-full e-con e-child\" data-id=\"e64121f\" data-element_type=\"container\" data-settings=\"{&quot;background_background&quot;:&quot;classic&quot;}\">\n\t\t\t\t<div class=\"elementor-element elementor-element-5680f8d elementor-position-top elementor-widget elementor-widget-image-box\" data-id=\"5680f8d\" data-element_type=\"widget\" data-widget_type=\"image-box.default\">\n\t\t\t\t<div class=\"elementor-widget-container\">\n\t\t\t<div class=\"elementor-image-box-wrapper\"><figure class=\"elementor-image-box-img\"><img decoding=\"async\" width=\"80\" height=\"151\" src=\"https:\/\/websitedesign-entwurf.de\/3\/entwurf4\/wp-content\/uploads\/2024\/09\/429.png\" class=\"attachment-full size-full wp-image-8757\" alt=\"\" \/><\/figure><div class=\"elementor-image-box-content\"><h3 class=\"elementor-image-box-title\">Werkzeugverleih<\/h3><p class=\"elementor-image-box-description\">Sie wollen professionell Arbeiten?<br>Ob Spritzger\u00e4t oder Fu\u00dfbodenschleifmaschine<br>und vieles mehr k\u00f6nnen Sie bei uns kostenpflichtig leihen.<\/p><\/div><\/div>\t\t<\/div>\n\t\t\t\t<\/div>\n\t\t\t\t<div class=\"elementor-element elementor-element-70adb17 elementor-widget elementor-widget-image\" data-id=\"70adb17\" data-element_type=\"widget\" data-widget_type=\"image.default\">\n\t\t\t\t<div class=\"elementor-widget-container\">\n\t\t\t\t\t\t\t\t\t\t\t\t\t<img loading=\"lazy\" decoding=\"async\" width=\"650\" height=\"487\" src=\"https:\/\/websitedesign-entwurf.de\/3\/entwurf4\/wp-content\/uploads\/2024\/09\/1378.jpg\" class=\"attachment-full size-full wp-image-8758\" alt=\"\" srcset=\"https:\/\/websitedesign-entwurf.de\/3\/entwurf4\/wp-content\/uploads\/2024\/09\/1378.jpg 650w, https:\/\/websitedesign-entwurf.de\/3\/entwurf4\/wp-content\/uploads\/2024\/09\/1378-430x322.jpg 430w, https:\/\/websitedesign-entwurf.de\/3\/entwurf4\/wp-content\/uploads\/2024\/09\/1378-100x75.jpg 100w, https:\/\/websitedesign-entwurf.de\/3\/entwurf4\/wp-content\/uploads\/2024\/09\/1378-400x300.jpg 400w\" sizes=\"(max-width: 650px) 100vw, 650px\" \/>\t\t\t\t\t\t\t\t\t\t\t\t\t<\/div>\n\t\t\t\t<\/div>\n\t\t\t\t<\/div>\n\t\t<div class=\"elementor-element elementor-element-05478b0 e-grid e-con-full e-con e-child\" data-id=\"05478b0\" data-element_type=\"container\" data-settings=\"{&quot;background_background&quot;:&quot;classic&quot;}\">\n\t\t\t\t<div class=\"elementor-element elementor-element-d4dda23 elementor-widget elementor-widget-image\" data-id=\"d4dda23\" data-element_type=\"widget\" data-widget_type=\"image.default\">\n\t\t\t\t<div class=\"elementor-widget-container\">\n\t\t\t\t\t\t\t\t\t\t\t\t\t<img loading=\"lazy\" decoding=\"async\" width=\"650\" height=\"487\" src=\"https:\/\/websitedesign-entwurf.de\/3\/entwurf4\/wp-content\/uploads\/2024\/09\/1374.jpg\" class=\"attachment-full size-full wp-image-8759\" alt=\"\" srcset=\"https:\/\/websitedesign-entwurf.de\/3\/entwurf4\/wp-content\/uploads\/2024\/09\/1374.jpg 650w, https:\/\/websitedesign-entwurf.de\/3\/entwurf4\/wp-content\/uploads\/2024\/09\/1374-430x322.jpg 430w, https:\/\/websitedesign-entwurf.de\/3\/entwurf4\/wp-content\/uploads\/2024\/09\/1374-100x75.jpg 100w, https:\/\/websitedesign-entwurf.de\/3\/entwurf4\/wp-content\/uploads\/2024\/09\/1374-400x300.jpg 400w\" sizes=\"(max-width: 650px) 100vw, 650px\" \/>\t\t\t\t\t\t\t\t\t\t\t\t\t<\/div>\n\t\t\t\t<\/div>\n\t\t\t\t<div class=\"elementor-element elementor-element-755f3a3 elementor-position-top elementor-widget elementor-widget-image-box\" data-id=\"755f3a3\" data-element_type=\"widget\" data-widget_type=\"image-box.default\">\n\t\t\t\t<div class=\"elementor-widget-container\">\n\t\t\t<div class=\"elementor-image-box-wrapper\"><figure class=\"elementor-image-box-img\"><img loading=\"lazy\" decoding=\"async\" width=\"80\" height=\"139\" src=\"https:\/\/websitedesign-entwurf.de\/3\/entwurf4\/wp-content\/uploads\/2024\/09\/430.png\" class=\"attachment-full size-full wp-image-8760\" alt=\"\" \/><\/figure><div class=\"elementor-image-box-content\"><h3 class=\"elementor-image-box-title\">Farbmischcenter<\/h3><p class=\"elementor-image-box-description\">Sie suchen Ihren Wunschfarbton? Wir mischen \u00fcber 200000 Farbt\u00f6ne!<\/p><\/div><\/div>\t\t<\/div>\n\t\t\t\t<\/div>\n\t\t\t\t<\/div>\n\t\t<div class=\"elementor-element elementor-element-77b33ea e-grid e-con-full e-con e-child\" data-id=\"77b33ea\" data-element_type=\"container\" data-settings=\"{&quot;background_background&quot;:&quot;classic&quot;}\">\n\t\t\t\t<div class=\"elementor-element elementor-element-d70d372 elementor-position-top elementor-widget elementor-widget-image-box\" data-id=\"d70d372\" data-element_type=\"widget\" data-widget_type=\"image-box.default\">\n\t\t\t\t<div class=\"elementor-widget-container\">\n\t\t\t<div class=\"elementor-image-box-wrapper\"><figure class=\"elementor-image-box-img\"><img loading=\"lazy\" decoding=\"async\" width=\"80\" height=\"95\" src=\"https:\/\/websitedesign-entwurf.de\/3\/entwurf4\/wp-content\/uploads\/2024\/09\/283.png\" class=\"attachment-full size-full wp-image-8761\" alt=\"\" \/><\/figure><div class=\"elementor-image-box-content\"><h3 class=\"elementor-image-box-title\">Farbscanner<\/h3><p class=\"elementor-image-box-description\">Sie suchen individuelle Farben?<br>Wir scannen Ihre Muster und mischen diese Farbt\u00f6ne.<\/p><\/div><\/div>\t\t<\/div>\n\t\t\t\t<\/div>\n\t\t\t\t<div class=\"elementor-element elementor-element-cf6564c elementor-widget elementor-widget-image\" data-id=\"cf6564c\" data-element_type=\"widget\" data-widget_type=\"image.default\">\n\t\t\t\t<div class=\"elementor-widget-container\">\n\t\t\t\t\t\t\t\t\t\t\t\t\t<img loading=\"lazy\" decoding=\"async\" width=\"650\" height=\"487\" src=\"https:\/\/websitedesign-entwurf.de\/3\/entwurf4\/wp-content\/uploads\/2024\/09\/1381.jpg\" class=\"attachment-full size-full wp-image-8762\" alt=\"\" srcset=\"https:\/\/websitedesign-entwurf.de\/3\/entwurf4\/wp-content\/uploads\/2024\/09\/1381.jpg 650w, https:\/\/websitedesign-entwurf.de\/3\/entwurf4\/wp-content\/uploads\/2024\/09\/1381-430x322.jpg 430w, https:\/\/websitedesign-entwurf.de\/3\/entwurf4\/wp-content\/uploads\/2024\/09\/1381-100x75.jpg 100w, https:\/\/websitedesign-entwurf.de\/3\/entwurf4\/wp-content\/uploads\/2024\/09\/1381-400x300.jpg 400w\" sizes=\"(max-width: 650px) 100vw, 650px\" \/>\t\t\t\t\t\t\t\t\t\t\t\t\t<\/div>\n\t\t\t\t<\/div>\n\t\t\t\t<\/div>\n\t\t<div class=\"elementor-element elementor-element-c307677 e-grid e-con-full e-con e-child\" data-id=\"c307677\" data-element_type=\"container\" data-settings=\"{&quot;background_background&quot;:&quot;classic&quot;}\">\n\t\t\t\t<div class=\"elementor-element elementor-element-89438b7 elementor-widget elementor-widget-image\" data-id=\"89438b7\" data-element_type=\"widget\" data-widget_type=\"image.default\">\n\t\t\t\t<div class=\"elementor-widget-container\">\n\t\t\t\t\t\t\t\t\t\t\t\t\t<img loading=\"lazy\" decoding=\"async\" width=\"650\" height=\"488\" src=\"https:\/\/websitedesign-entwurf.de\/3\/entwurf4\/wp-content\/uploads\/2024\/09\/1375.jpg\" class=\"attachment-full size-full wp-image-8763\" alt=\"\" srcset=\"https:\/\/websitedesign-entwurf.de\/3\/entwurf4\/wp-content\/uploads\/2024\/09\/1375.jpg 650w, https:\/\/websitedesign-entwurf.de\/3\/entwurf4\/wp-content\/uploads\/2024\/09\/1375-430x323.jpg 430w, https:\/\/websitedesign-entwurf.de\/3\/entwurf4\/wp-content\/uploads\/2024\/09\/1375-100x75.jpg 100w, https:\/\/websitedesign-entwurf.de\/3\/entwurf4\/wp-content\/uploads\/2024\/09\/1375-400x300.jpg 400w\" sizes=\"(max-width: 650px) 100vw, 650px\" \/>\t\t\t\t\t\t\t\t\t\t\t\t\t<\/div>\n\t\t\t\t<\/div>\n\t\t\t\t<div class=\"elementor-element elementor-element-08ca1b8 elementor-position-top elementor-widget elementor-widget-image-box\" data-id=\"08ca1b8\" data-element_type=\"widget\" data-widget_type=\"image-box.default\">\n\t\t\t\t<div class=\"elementor-widget-container\">\n\t\t\t<div class=\"elementor-image-box-wrapper\"><figure class=\"elementor-image-box-img\"><img loading=\"lazy\" decoding=\"async\" width=\"80\" height=\"137\" src=\"https:\/\/websitedesign-entwurf.de\/3\/entwurf4\/wp-content\/uploads\/2024\/09\/431.png\" class=\"attachment-full size-full wp-image-8764\" alt=\"\" \/><\/figure><div class=\"elementor-image-box-content\"><h3 class=\"elementor-image-box-title\">Beladeservice<\/h3><p class=\"elementor-image-box-description\">Haben Sie bei uns Produkte erworben?<br>Wir helfen Ihnen gern beim Beladen und Einladen.<\/p><\/div><\/div>\t\t<\/div>\n\t\t\t\t<\/div>\n\t\t\t\t<\/div>\n\t\t<div class=\"elementor-element elementor-element-bd318f5 e-grid e-con-full e-con e-child\" data-id=\"bd318f5\" data-element_type=\"container\" data-settings=\"{&quot;background_background&quot;:&quot;classic&quot;}\">\n\t\t\t\t<div class=\"elementor-element elementor-element-782cbcb elementor-position-top elementor-widget elementor-widget-image-box\" data-id=\"782cbcb\" data-element_type=\"widget\" data-widget_type=\"image-box.default\">\n\t\t\t\t<div class=\"elementor-widget-container\">\n\t\t\t<div class=\"elementor-image-box-wrapper\"><figure class=\"elementor-image-box-img\"><img loading=\"lazy\" decoding=\"async\" width=\"80\" height=\"139\" src=\"https:\/\/websitedesign-entwurf.de\/3\/entwurf4\/wp-content\/uploads\/2024\/09\/432.png\" class=\"attachment-full size-full wp-image-8765\" alt=\"\" \/><\/figure><div class=\"elementor-image-box-content\"><h3 class=\"elementor-image-box-title\">Handwerkervermittlung<\/h3><p class=\"elementor-image-box-description\">Sie verlassen sich auf einen professionellen Handwerker?<br>Wir helfen Ihnen gern und geben Ihnen Empfehlungen.<\/p><\/div><\/div>\t\t<\/div>\n\t\t\t\t<\/div>\n\t\t\t\t<div class=\"elementor-element elementor-element-dfef811 elementor-widget elementor-widget-image\" data-id=\"dfef811\" data-element_type=\"widget\" data-widget_type=\"image.default\">\n\t\t\t\t<div class=\"elementor-widget-container\">\n\t\t\t\t\t\t\t\t\t\t\t\t\t<img loading=\"lazy\" decoding=\"async\" width=\"650\" height=\"464\" src=\"https:\/\/websitedesign-entwurf.de\/3\/entwurf4\/wp-content\/uploads\/2024\/09\/1376.jpg\" class=\"attachment-full size-full wp-image-8766\" alt=\"\" srcset=\"https:\/\/websitedesign-entwurf.de\/3\/entwurf4\/wp-content\/uploads\/2024\/09\/1376.jpg 650w, https:\/\/websitedesign-entwurf.de\/3\/entwurf4\/wp-content\/uploads\/2024\/09\/1376-430x307.jpg 430w, https:\/\/websitedesign-entwurf.de\/3\/entwurf4\/wp-content\/uploads\/2024\/09\/1376-100x71.jpg 100w, https:\/\/websitedesign-entwurf.de\/3\/entwurf4\/wp-content\/uploads\/2024\/09\/1376-400x286.jpg 400w\" sizes=\"(max-width: 650px) 100vw, 650px\" \/>\t\t\t\t\t\t\t\t\t\t\t\t\t<\/div>\n\t\t\t\t<\/div>\n\t\t\t\t<\/div>\n\t\t<div class=\"elementor-element elementor-element-d096019 e-grid e-con-full e-con e-child\" data-id=\"d096019\" data-element_type=\"container\" data-settings=\"{&quot;background_background&quot;:&quot;classic&quot;}\">\n\t\t\t\t<div class=\"elementor-element elementor-element-88cc6db elementor-widget elementor-widget-image\" data-id=\"88cc6db\" data-element_type=\"widget\" data-widget_type=\"image.default\">\n\t\t\t\t<div class=\"elementor-widget-container\">\n\t\t\t\t\t\t\t\t\t\t\t\t\t<img loading=\"lazy\" decoding=\"async\" width=\"650\" height=\"411\" src=\"https:\/\/websitedesign-entwurf.de\/3\/entwurf4\/wp-content\/uploads\/2024\/09\/1379.jpg\" class=\"attachment-full size-full wp-image-8767\" alt=\"\" srcset=\"https:\/\/websitedesign-entwurf.de\/3\/entwurf4\/wp-content\/uploads\/2024\/09\/1379.jpg 650w, https:\/\/websitedesign-entwurf.de\/3\/entwurf4\/wp-content\/uploads\/2024\/09\/1379-430x272.jpg 430w, https:\/\/websitedesign-entwurf.de\/3\/entwurf4\/wp-content\/uploads\/2024\/09\/1379-100x63.jpg 100w, https:\/\/websitedesign-entwurf.de\/3\/entwurf4\/wp-content\/uploads\/2024\/09\/1379-400x253.jpg 400w\" sizes=\"(max-width: 650px) 100vw, 650px\" \/>\t\t\t\t\t\t\t\t\t\t\t\t\t<\/div>\n\t\t\t\t<\/div>\n\t\t\t\t<div class=\"elementor-element elementor-element-dd2d087 elementor-position-top elementor-widget elementor-widget-image-box\" data-id=\"dd2d087\" data-element_type=\"widget\" data-widget_type=\"image-box.default\">\n\t\t\t\t<div class=\"elementor-widget-container\">\n\t\t\t<div class=\"elementor-image-box-wrapper\"><figure class=\"elementor-image-box-img\"><img loading=\"lazy\" decoding=\"async\" width=\"80\" height=\"93\" src=\"https:\/\/websitedesign-entwurf.de\/3\/entwurf4\/wp-content\/uploads\/2024\/09\/434.png\" class=\"attachment-full size-full wp-image-8768\" alt=\"\" \/><\/figure><div class=\"elementor-image-box-content\"><h3 class=\"elementor-image-box-title\">Gutscheine<\/h3><p class=\"elementor-image-box-description\">Sie suchen etwas zum Jubil\u00e4um oder als Dankesch\u00f6n?<br>Mit unseren Geschenkgutscheinen sind Sie immer gut beraten.<\/p><\/div><\/div>\t\t<\/div>\n\t\t\t\t<\/div>\n\t\t\t\t<\/div>\n\t\t<div class=\"elementor-element elementor-element-3fc1aaa e-grid e-con-full e-con e-child\" data-id=\"3fc1aaa\" data-element_type=\"container\" data-settings=\"{&quot;background_background&quot;:&quot;classic&quot;}\">\n\t\t\t\t<div class=\"elementor-element elementor-element-a94c414 elementor-position-top elementor-widget elementor-widget-image-box\" data-id=\"a94c414\" data-element_type=\"widget\" data-widget_type=\"image-box.default\">\n\t\t\t\t<div class=\"elementor-widget-container\">\n\t\t\t<div class=\"elementor-image-box-wrapper\"><figure class=\"elementor-image-box-img\"><img loading=\"lazy\" decoding=\"async\" width=\"80\" height=\"189\" src=\"https:\/\/websitedesign-entwurf.de\/3\/entwurf4\/wp-content\/uploads\/2024\/09\/435.png\" class=\"attachment-full size-full wp-image-8769\" alt=\"\" \/><\/figure><div class=\"elementor-image-box-content\"><h3 class=\"elementor-image-box-title\">Bestellservice<\/h3><p class=\"elementor-image-box-description\">Ihr gew\u00fcnschtes Produkt ist l\u00e4germ\u00e4\u00dfig nicht mehr vorr\u00e4tig?<br>Wir bem\u00fchen uns diese Produkte zeitnah zu bestellen.<\/p><\/div><\/div>\t\t<\/div>\n\t\t\t\t<\/div>\n\t\t\t\t<div class=\"elementor-element elementor-element-9be6255 elementor-widget elementor-widget-image\" data-id=\"9be6255\" data-element_type=\"widget\" data-widget_type=\"image.default\">\n\t\t\t\t<div class=\"elementor-widget-container\">\n\t\t\t\t\t\t\t\t\t\t\t\t\t<img loading=\"lazy\" decoding=\"async\" width=\"650\" height=\"490\" src=\"https:\/\/websitedesign-entwurf.de\/3\/entwurf4\/wp-content\/uploads\/2024\/09\/1380.jpg\" class=\"attachment-full size-full wp-image-8770\" alt=\"\" srcset=\"https:\/\/websitedesign-entwurf.de\/3\/entwurf4\/wp-content\/uploads\/2024\/09\/1380.jpg 650w, https:\/\/websitedesign-entwurf.de\/3\/entwurf4\/wp-content\/uploads\/2024\/09\/1380-430x324.jpg 430w, https:\/\/websitedesign-entwurf.de\/3\/entwurf4\/wp-content\/uploads\/2024\/09\/1380-100x75.jpg 100w, https:\/\/websitedesign-entwurf.de\/3\/entwurf4\/wp-content\/uploads\/2024\/09\/1380-398x300.jpg 398w\" sizes=\"(max-width: 650px) 100vw, 650px\" \/>\t\t\t\t\t\t\t\t\t\t\t\t\t<\/div>\n\t\t\t\t<\/div>\n\t\t\t\t<\/div>\n\t\t\t\t<\/div>\n\t\t\t\t\t<\/div>\n\t\t\t\t<\/div>\n\t\t\t\t<\/div>\n\t\t","protected":false},"excerpt":{"rendered":"<p>Ist Ihr Auto zu klein? Gegen einen geringen Aufpreis liefern wir Ihnenunsere Produkte auch bis nach Hauseoder zu ihrem Bauprojekt.Fragen<\/p>\n","protected":false},"author":1,"featured_media":0,"parent":0,"menu_order":0,"comment_status":"closed","ping_status":"closed","template":"","meta":{"footnotes":""},"class_list":["post-8753","page","type-page","status-publish","hentry"],"acf":[],"_links":{"self":[{"href":"https:\/\/websitedesign-entwurf.de\/3\/entwurf4\/wp-json\/wp\/v2\/pages\/8753","targetHints":{"allow":["GET"]}}],"collection":[{"href":"https:\/\/websitedesign-entwurf.de\/3\/entwurf4\/wp-json\/wp\/v2\/pages"}],"about":[{"href":"https:\/\/websitedesign-entwurf.de\/3\/entwurf4\/wp-json\/wp\/v2\/types\/page"}],"author":[{"embeddable":true,"href":"https:\/\/websitedesign-entwurf.de\/3\/entwurf4\/wp-json\/wp\/v2\/users\/1"}],"replies":[{"embeddable":true,"href":"https:\/\/websitedesign-entwurf.de\/3\/entwurf4\/wp-json\/wp\/v2\/comments?post=8753"}],"version-history":[{"count":19,"href":"https:\/\/websitedesign-entwurf.de\/3\/entwurf4\/wp-json\/wp\/v2\/pages\/8753\/revisions"}],"predecessor-version":[{"id":9621,"href":"https:\/\/websitedesign-entwurf.de\/3\/entwurf4\/wp-json\/wp\/v2\/pages\/8753\/revisions\/9621"}],"wp:attachment":[{"href":"https:\/\/websitedesign-entwurf.de\/3\/entwurf4\/wp-json\/wp\/v2\/media?parent=8753"}],"curies":[{"name":"wp","href":"https:\/\/api.w.org\/{rel}","templated":true}]}}