{"id":13,"date":"2024-09-28T06:40:18","date_gmt":"2024-09-28T06:40:18","guid":{"rendered":"https:\/\/websitedesign-entwurf.de\/3\/entwurf4\/?page_id=13"},"modified":"2025-05-03T12:53:56","modified_gmt":"2025-05-03T12:53:56","slug":"meine-versand-und-ruckgabebedingungen","status":"publish","type":"page","link":"https:\/\/websitedesign-entwurf.de\/3\/entwurf4\/meine-versand-und-ruckgabebedingungen\/","title":{"rendered":"Meine Versand- und R\u00fcckgabebedingungen"},"content":{"rendered":"<p><b>\u00a0<\/b><\/p><h2 class=\"wp-block-heading\">Abholung oder Lieferung<\/h2><p><br \/><strong>Abholung<\/strong><br \/>Die bestellte Ware kann jederzeit w\u00e4hrend der Gesch\u00e4ftszeiten der M\u00e4rkte in G\u00f6rlitz oder Zittau<br \/>abgeholt werden.<\/p>\r\n<p><br \/><strong>Lieferservice<\/strong><br \/>Die Lieferung der Ware w\u00e4hrend unserer Gesch\u00e4ftszeiten kostet innerhalb von G\u00f6rlitz oder Zittau bis<br \/>zu einem Umkreis von 15 Kilometern 15,00 EUR extra. Bei einem Warenwert von \u00fcber 500,00 EUR ist<br \/>die Lieferung in G\u00f6rlitz oder Zittau kostenlos.<br \/>Zu welchem Zeitpunkt geliefert wird, kann mit unseren Verk\u00e4ufern abgesprochen werden.<\/p>","protected":false},"excerpt":{"rendered":"<p>\u00a0 Abholung oder Lieferung AbholungDie bestellte Ware kann jederzeit w\u00e4hrend der Gesch\u00e4ftszeiten der M\u00e4rkte in G\u00f6rlitz oder Zittauabgeholt werden. LieferserviceDie<\/p>\n","protected":false},"author":1,"featured_media":0,"parent":0,"menu_order":0,"comment_status":"closed","ping_status":"closed","template":"","meta":{"footnotes":""},"class_list":["post-13","page","type-page","status-publish","hentry"],"acf":[],"_links":{"self":[{"href":"https:\/\/websitedesign-entwurf.de\/3\/entwurf4\/wp-json\/wp\/v2\/pages\/13","targetHints":{"allow":["GET"]}}],"collection":[{"href":"https:\/\/websitedesign-entwurf.de\/3\/entwurf4\/wp-json\/wp\/v2\/pages"}],"about":[{"href":"https:\/\/websitedesign-entwurf.de\/3\/entwurf4\/wp-json\/wp\/v2\/types\/page"}],"author":[{"embeddable":true,"href":"https:\/\/websitedesign-entwurf.de\/3\/entwurf4\/wp-json\/wp\/v2\/users\/1"}],"replies":[{"embeddable":true,"href":"https:\/\/websitedesign-entwurf.de\/3\/entwurf4\/wp-json\/wp\/v2\/comments?post=13"}],"version-history":[{"count":4,"href":"https:\/\/websitedesign-entwurf.de\/3\/entwurf4\/wp-json\/wp\/v2\/pages\/13\/revisions"}],"predecessor-version":[{"id":11073,"href":"https:\/\/websitedesign-entwurf.de\/3\/entwurf4\/wp-json\/wp\/v2\/pages\/13\/revisions\/11073"}],"wp:attachment":[{"href":"https:\/\/websitedesign-entwurf.de\/3\/entwurf4\/wp-json\/wp\/v2\/media?parent=13"}],"curies":[{"name":"wp","href":"https:\/\/api.w.org\/{rel}","templated":true}]}}