{"id":11074,"date":"2025-05-03T12:55:04","date_gmt":"2025-05-03T12:55:04","guid":{"rendered":"https:\/\/websitedesign-entwurf.de\/3\/entwurf4\/?page_id=11074"},"modified":"2025-05-03T12:55:04","modified_gmt":"2025-05-03T12:55:04","slug":"rueckgabe","status":"publish","type":"page","link":"https:\/\/websitedesign-entwurf.de\/3\/entwurf4\/rueckgabe\/","title":{"rendered":"R\u00fcckgabe"},"content":{"rendered":"<h3><strong>R\u00fcckgabe<\/strong><\/h3>\n<p>R\u00fcckgabe bis zu 30 Tage m\u00f6glich<br \/>\nNeue und originalverpackte Ware kann jederzeit bis zu 30 Tage nach Erhalt der Ware gegen Vorlage der<br \/>\nRechnung zur\u00fcckgebracht werden. Wir gew\u00e4hren unbeschadet des gesetzlichen Widerrufsrechts ein<br \/>\nfreiwilliges R\u00fcckgaberecht von 30 Tagen.<br \/>\nAusgenommen von der R\u00fcckgabe sind nach Kundenwunsch gemischte Farben, Lacke und Putze sowie<br \/>\nSonderanfertigungen, Serviceleistungen und Zuschnittware.<br \/>\nGutscheine k\u00f6nnen nicht zur\u00fcckgegeben werden und etwaige Restbetr\u00e4ge werden nicht in Geld<br \/>\nausgezahlt.<br \/>\nVon uns angelieferte Ware, muss zur R\u00fcckgabe in die M\u00e4rkte nach G\u00f6rlitz oder Zittau gebracht werden.<br \/>\nBei R\u00fcckfragen helfen unsere Verk\u00e4ufer jederzeit gern weiter.<\/p>\n","protected":false},"excerpt":{"rendered":"<p>R\u00fcckgabe R\u00fcckgabe bis zu 30 Tage m\u00f6glich Neue und originalverpackte Ware kann jederzeit bis zu 30 Tage nach Erhalt der<\/p>\n","protected":false},"author":1,"featured_media":0,"parent":0,"menu_order":0,"comment_status":"closed","ping_status":"closed","template":"","meta":{"footnotes":""},"class_list":["post-11074","page","type-page","status-publish","hentry"],"acf":[],"_links":{"self":[{"href":"https:\/\/websitedesign-entwurf.de\/3\/entwurf4\/wp-json\/wp\/v2\/pages\/11074","targetHints":{"allow":["GET"]}}],"collection":[{"href":"https:\/\/websitedesign-entwurf.de\/3\/entwurf4\/wp-json\/wp\/v2\/pages"}],"about":[{"href":"https:\/\/websitedesign-entwurf.de\/3\/entwurf4\/wp-json\/wp\/v2\/types\/page"}],"author":[{"embeddable":true,"href":"https:\/\/websitedesign-entwurf.de\/3\/entwurf4\/wp-json\/wp\/v2\/users\/1"}],"replies":[{"embeddable":true,"href":"https:\/\/websitedesign-entwurf.de\/3\/entwurf4\/wp-json\/wp\/v2\/comments?post=11074"}],"version-history":[{"count":1,"href":"https:\/\/websitedesign-entwurf.de\/3\/entwurf4\/wp-json\/wp\/v2\/pages\/11074\/revisions"}],"predecessor-version":[{"id":11075,"href":"https:\/\/websitedesign-entwurf.de\/3\/entwurf4\/wp-json\/wp\/v2\/pages\/11074\/revisions\/11075"}],"wp:attachment":[{"href":"https:\/\/websitedesign-entwurf.de\/3\/entwurf4\/wp-json\/wp\/v2\/media?parent=11074"}],"curies":[{"name":"wp","href":"https:\/\/api.w.org\/{rel}","templated":true}]}}